{"id":76,"date":"2015-09-17T23:36:30","date_gmt":"2015-09-17T23:36:30","guid":{"rendered":"http:\/\/gnrbrasil.net\/wordpress\/?page_id=76"},"modified":"2015-09-24T20:04:18","modified_gmt":"2015-09-24T20:04:18","slug":"durometros-on-line","status":"publish","type":"page","link":"https:\/\/www.gnrbrasil.net\/wordpress\/index.php\/produtos\/durometros\/durometros-on-line\/","title":{"rendered":"Durometros ON LINE"},"content":{"rendered":"<p>Seguem alguns dos modelos de durometros ON LINE.<\/p>\n<p>Para mais informa\u00e7\u00f5es sobre estes e outros modelos de durometro, por favor\u00a0 consultar o site oficial da ERNST<\/p>\n<p style=\"text-align: center;\"><span style=\"color: #ff0000;\"><a style=\"color: #ff0000;\" href=\"http:\/\/www.ernstsa.com\" target=\"_blank\">www.ernstsa.com<\/a><\/span><\/p>\n<h2 class=\"special-machines\" style=\"text-align: center;\"><span style=\"color: #ff0000;\">BRE AUT ATMS 2008<\/span><\/h2>\n<p style=\"text-align: center;\"><span style=\"color: #ff0000;\">Special machines<\/span><\/p>\n<p><a href=\"https:\/\/www.youtube.com\/watch?v=_Gjy8dRwltM&amp;feature=youtu.be\"><img fetchpriority=\"high\" decoding=\"async\" class=\"alignnone size-full wp-image-157\" src=\"https:\/\/www.gnrbrasil.net\/wordpress\/wordpress\/wp-content\/uploads\/2015\/09\/BRE-AUT.jpg\" alt=\"Brochure BRE AUT ATMS 2008\" width=\"400\" height=\"300\" srcset=\"https:\/\/www.gnrbrasil.net\/wordpress\/wp-content\/uploads\/2015\/09\/BRE-AUT.jpg 400w, https:\/\/www.gnrbrasil.net\/wordpress\/wp-content\/uploads\/2015\/09\/BRE-AUT-150x113.jpg 150w\" sizes=\"(max-width: 400px) 100vw, 400px\" \/><\/a><\/p>\n<aside>\n<header><\/header>\n<p>Watch video about how it works\/ Assistir v\u00eddeo\u00a0 sobre o funcionamento clicando na imagem <a href=\"https:\/\/www.youtube.com\/watch?v=_Gjy8dRwltM&amp;feature=youtu.be\"><img decoding=\"async\" class=\"alignnone wp-image-157\" src=\"https:\/\/www.gnrbrasil.net\/wordpress\/wordpress\/wp-content\/uploads\/2015\/09\/BRE-AUT.jpg\" alt=\"Brochure BRE AUT ATMS 2008\" width=\"52\" height=\"39\" srcset=\"https:\/\/www.gnrbrasil.net\/wordpress\/wp-content\/uploads\/2015\/09\/BRE-AUT.jpg 400w, https:\/\/www.gnrbrasil.net\/wordpress\/wp-content\/uploads\/2015\/09\/BRE-AUT-150x113.jpg 150w\" sizes=\"(max-width: 52px) 100vw, 52px\" \/><\/a><\/p>\n<header>The plant in this particular application was designed to automatically carry out hardness testing of oil pipes connectors of length between 150 and 600mm and a diameter from 80 to 300mm.<\/p>\n<p class=\"p1\">The hardness test takes a total of 75 seconds. This includes the time required to perform surface preparation by milling\u00a0 &#8211; with preparation depth up to 3mm in depth &#8211; of the pieces by means of marking.<\/p>\n<p class=\"p1\">The optical reading is carried out automatically and the data and impression images may be stored in peripheral devices via Profibus communication or other requested systems.<\/p>\n<p class=\"p1\">Complies with ISO &#8211; EN 10003 and ASTM E 10 regulations for Brinell test<\/p>\n<\/header>\n<header>\n<h2 class=\"special-machines\" style=\"text-align: center;\"><span style=\"color: #ff0000;\">BRE AUT SOR PIPES<\/span><\/h2>\n<p style=\"text-align: center;\"><span style=\"color: #ff0000;\">Special machines<\/span><\/p>\n<\/header>\n<p><a href=\"https:\/\/www.youtube.com\/watch?v=Yl3cKvfBy60&amp;feature=youtu.be\"><img decoding=\"async\" class=\"alignnone size-full wp-image-92\" src=\"https:\/\/www.gnrbrasil.net\/wordpress\/wordpress\/wp-content\/uploads\/2015\/09\/breauttubi.jpg\" alt=\"breauttubi\" width=\"400\" height=\"300\" srcset=\"https:\/\/www.gnrbrasil.net\/wordpress\/wp-content\/uploads\/2015\/09\/breauttubi.jpg 400w, https:\/\/www.gnrbrasil.net\/wordpress\/wp-content\/uploads\/2015\/09\/breauttubi-150x113.jpg 150w\" sizes=\"(max-width: 400px) 100vw, 400px\" \/><\/a><\/p>\n<p>Watch video about how it works\/ Assistir v\u00eddeo\u00a0 sobre o funcionamento clicando na imagem<a href=\"https:\/\/www.youtube.com\/watch?v=Yl3cKvfBy60&amp;feature=youtu.be\"><img loading=\"lazy\" decoding=\"async\" class=\"alignnone wp-image-92\" src=\"https:\/\/www.gnrbrasil.net\/wordpress\/wordpress\/wp-content\/uploads\/2015\/09\/breauttubi.jpg\" alt=\"breauttubi\" width=\"44\" height=\"33\" srcset=\"https:\/\/www.gnrbrasil.net\/wordpress\/wp-content\/uploads\/2015\/09\/breauttubi.jpg 400w, https:\/\/www.gnrbrasil.net\/wordpress\/wp-content\/uploads\/2015\/09\/breauttubi-150x113.jpg 150w\" sizes=\"(max-width: 44px) 100vw, 44px\" \/><\/a><\/p>\n<p>&nbsp;<\/p>\n<p>Automatic hardness tester BRE AUT SOR for line testing of finished oil pipes<\/p>\n<\/aside>\n<p>Automatic hardness tester BRE AUT SOR for the testing of oil pipes. Available in different capacities for diameters ranging from 60 to 440mm.<\/p>\n<p>Equipped with surface preparation by milling, the hardness meter in question, produced in several tens of units, allows to perform the automatic line test of oil pipes as required by the specifications relating to this type of test.<\/p>\n<p>The measuring cycle consists of: blocking of the pipe to be tested (usually in the initial and final positions) under the durometer; surface preparation with adjustable depth from 0.5 to 2.5mm; measurement on the surface with application of the load with 3.000KgF (750KgF for pipes of small diameter, low thickness) and automatic reading of the hardness on the digital display.<\/p>\n<p>Insensitive to caving-in or bending, which are common in pipes, it is now universally recognized as a reference for these types of tests, which take place 24 hrs a day in extremely critical environmental situations.<\/p>\n<aside>\n<header>\n<h2 class=\"special-machines\" style=\"text-align: center;\"><span style=\"color: #ff0000;\">BRE AUT MAR 2007<\/span><\/h2>\n<p style=\"text-align: center;\"><span style=\"color: #ff0000;\">Special machines<\/span><\/p>\n<h2 class=\"special-machines\" style=\"text-align: center;\"><a href=\"https:\/\/www.youtube.com\/watch?v=E-TwDEXjmIg&amp;feature=youtu.be\"><img loading=\"lazy\" decoding=\"async\" class=\"alignnone size-full wp-image-93\" src=\"https:\/\/www.gnrbrasil.net\/wordpress\/wordpress\/wp-content\/uploads\/2015\/09\/BRE-AUT-mar_2007.jpg\" alt=\"BRE AUT mar_2007\" width=\"400\" height=\"300\" srcset=\"https:\/\/www.gnrbrasil.net\/wordpress\/wp-content\/uploads\/2015\/09\/BRE-AUT-mar_2007.jpg 400w, https:\/\/www.gnrbrasil.net\/wordpress\/wp-content\/uploads\/2015\/09\/BRE-AUT-mar_2007-150x113.jpg 150w\" sizes=\"(max-width: 400px) 100vw, 400px\" \/><\/a><\/h2>\n<\/header>\n<p>&nbsp;<\/p>\n<p>Watch video about how it works\/ Assistir v\u00eddeo\u00a0 sobre o funcionamento clicando na imagem<a href=\"https:\/\/www.youtube.com\/watch?v=E-TwDEXjmIg&amp;feature=youtu.be\"><img loading=\"lazy\" decoding=\"async\" class=\"alignnone wp-image-93\" src=\"https:\/\/www.gnrbrasil.net\/wordpress\/wordpress\/wp-content\/uploads\/2015\/09\/BRE-AUT-mar_2007.jpg\" alt=\"BRE AUT mar_2007\" width=\"68\" height=\"51\" srcset=\"https:\/\/www.gnrbrasil.net\/wordpress\/wp-content\/uploads\/2015\/09\/BRE-AUT-mar_2007.jpg 400w, https:\/\/www.gnrbrasil.net\/wordpress\/wp-content\/uploads\/2015\/09\/BRE-AUT-mar_2007-150x113.jpg 150w\" sizes=\"(max-width: 68px) 100vw, 68px\" \/><\/a><\/p>\n<p>Hardness meter BRE AUT SOR for automatic Brinell hardness testing of train wheels.\u00a0Automatic plant with transfer tool to alternately move two wheels throughout all positions (loading, measuring and unloading).<\/p>\n<\/aside>\n<p>&nbsp;<\/p>\n<p class=\"p1\">This hardness testing system was the first plant we designed for a major industrial group in Eastern Europe for automatic testing of train wheels.\u00a0 Its reliability and full sustainability (24 hrs a day) have contributed to the diffusion of other machines present in this site for the same application.<\/p>\n<p class=\"p1\">The plant in question is able to test hardness both of the finished wheels and the unfinished ones with preparation by means of lamellar grinding wheel or by milling, as you can see in the video clip.<\/p>\n<p class=\"p1\">The transfer tool has a very important significance in reducing the test cycle. The main cart carries two wheels at the same time which, alternately loaded by mechanical arms, are moved to measuring position and finally positioned in unloading position.<\/p>\n<p class=\"p1\">Meter cycle time, including surface preparation, amounts to 80 seconds per wheel.<\/p>\n<p class=\"p1\">The wheel may be measured in several points of the same circumference.<\/p>\n","protected":false},"excerpt":{"rendered":"<p>Seguem alguns dos modelos de durometros ON LINE. Para mais informa\u00e7\u00f5es sobre estes e outros modelos de durometro, por favor\u00a0 consultar o site oficial da ERNST www.ernstsa.com BRE AUT ATMS 2008 Special machines Watch video about how it works\/ Assistir v\u00eddeo\u00a0 sobre o funcionamento clicando na imagem The plant in this particular application was designed [&hellip;]<\/p>\n","protected":false},"author":1,"featured_media":160,"parent":47,"menu_order":1,"comment_status":"closed","ping_status":"closed","template":"","meta":{"_eb_attr":"","site-sidebar-layout":"default","site-content-layout":"","ast-site-content-layout":"default","site-content-style":"default","site-sidebar-style":"default","ast-global-header-display":"","ast-banner-title-visibility":"","ast-main-header-display":"","ast-hfb-above-header-display":"","ast-hfb-below-header-display":"","ast-hfb-mobile-header-display":"","site-post-title":"","ast-breadcrumbs-content":"","ast-featured-img":"","footer-sml-layout":"","theme-transparent-header-meta":"","adv-header-id-meta":"","stick-header-meta":"","header-above-stick-meta":"","header-main-stick-meta":"","header-below-stick-meta":"","astra-migrate-meta-layouts":"default","ast-page-background-enabled":"default","ast-page-background-meta":{"desktop":{"background-color":"var(--ast-global-color-4)","background-image":"","background-repeat":"repeat","background-position":"center center","background-size":"auto","background-attachment":"scroll","background-type":"","background-media":"","overlay-type":"","overlay-color":"","overlay-opacity":"","overlay-gradient":""},"tablet":{"background-color":"","background-image":"","background-repeat":"repeat","background-position":"center center","background-size":"auto","background-attachment":"scroll","background-type":"","background-media":"","overlay-type":"","overlay-color":"","overlay-opacity":"","overlay-gradient":""},"mobile":{"background-color":"","background-image":"","background-repeat":"repeat","background-position":"center center","background-size":"auto","background-attachment":"scroll","background-type":"","background-media":"","overlay-type":"","overlay-color":"","overlay-opacity":"","overlay-gradient":""}},"ast-content-background-meta":{"desktop":{"background-color":"var(--ast-global-color-5)","background-image":"","background-repeat":"repeat","background-position":"center center","background-size":"auto","background-attachment":"scroll","background-type":"","background-media":"","overlay-type":"","overlay-color":"","overlay-opacity":"","overlay-gradient":""},"tablet":{"background-color":"var(--ast-global-color-5)","background-image":"","background-repeat":"repeat","background-position":"center center","background-size":"auto","background-attachment":"scroll","background-type":"","background-media":"","overlay-type":"","overlay-color":"","overlay-opacity":"","overlay-gradient":""},"mobile":{"background-color":"var(--ast-global-color-5)","background-image":"","background-repeat":"repeat","background-position":"center center","background-size":"auto","background-attachment":"scroll","background-type":"","background-media":"","overlay-type":"","overlay-color":"","overlay-opacity":"","overlay-gradient":""}},"footnotes":""},"class_list":["post-76","page","type-page","status-publish","has-post-thumbnail","hentry"],"yoast_head":"<!-- This site is optimized with the Yoast SEO plugin v27.3 - https:\/\/yoast.com\/product\/yoast-seo-wordpress\/ -->\n<title>Durometros ON LINE - Espectr\u00f4metros<\/title>\n<meta name=\"robots\" content=\"index, follow, max-snippet:-1, max-image-preview:large, max-video-preview:-1\" \/>\n<link rel=\"canonical\" href=\"https:\/\/www.gnrbrasil.net\/wordpress\/index.php\/produtos\/durometros\/durometros-on-line\/\" \/>\n<meta property=\"og:locale\" content=\"pt_BR\" \/>\n<meta property=\"og:type\" content=\"article\" \/>\n<meta property=\"og:title\" content=\"Durometros ON LINE - Espectr\u00f4metros\" \/>\n<meta property=\"og:description\" content=\"Seguem alguns dos modelos de durometros ON LINE. Para mais informa\u00e7\u00f5es sobre estes e outros modelos de durometro, por favor\u00a0 consultar o site oficial da ERNST www.ernstsa.com BRE AUT ATMS 2008 Special machines Watch video about how it works\/ Assistir v\u00eddeo\u00a0 sobre o funcionamento clicando na imagem The plant in this particular application was designed [&hellip;]\" \/>\n<meta property=\"og:url\" content=\"https:\/\/www.gnrbrasil.net\/wordpress\/index.php\/produtos\/durometros\/durometros-on-line\/\" \/>\n<meta property=\"og:site_name\" content=\"Espectr\u00f4metros\" \/>\n<meta property=\"article:publisher\" content=\"https:\/\/www.facebook.com\/gnrbrasil.net\" \/>\n<meta property=\"article:modified_time\" content=\"2015-09-24T20:04:18+00:00\" \/>\n<meta property=\"og:image\" content=\"https:\/\/www.gnrbrasil.net\/wordpress\/wp-content\/uploads\/2015\/09\/ernst.png\" \/>\n\t<meta property=\"og:image:width\" content=\"80\" \/>\n\t<meta property=\"og:image:height\" content=\"80\" \/>\n\t<meta property=\"og:image:type\" content=\"image\/png\" \/>\n<meta name=\"twitter:card\" content=\"summary_large_image\" \/>\n<meta name=\"twitter:label1\" content=\"Est. tempo de leitura\" \/>\n\t<meta name=\"twitter:data1\" content=\"3 minutos\" \/>\n<script type=\"application\/ld+json\" class=\"yoast-schema-graph\">{\"@context\":\"https:\\\/\\\/schema.org\",\"@graph\":[{\"@type\":\"WebPage\",\"@id\":\"https:\\\/\\\/www.gnrbrasil.net\\\/wordpress\\\/index.php\\\/produtos\\\/durometros\\\/durometros-on-line\\\/\",\"url\":\"https:\\\/\\\/www.gnrbrasil.net\\\/wordpress\\\/index.php\\\/produtos\\\/durometros\\\/durometros-on-line\\\/\",\"name\":\"Durometros ON LINE - Espectr\u00f4metros\",\"isPartOf\":{\"@id\":\"https:\\\/\\\/www.gnrbrasil.net\\\/wordpress\\\/#website\"},\"primaryImageOfPage\":{\"@id\":\"https:\\\/\\\/www.gnrbrasil.net\\\/wordpress\\\/index.php\\\/produtos\\\/durometros\\\/durometros-on-line\\\/#primaryimage\"},\"image\":{\"@id\":\"https:\\\/\\\/www.gnrbrasil.net\\\/wordpress\\\/index.php\\\/produtos\\\/durometros\\\/durometros-on-line\\\/#primaryimage\"},\"thumbnailUrl\":\"https:\\\/\\\/www.gnrbrasil.net\\\/wordpress\\\/wp-content\\\/uploads\\\/2015\\\/09\\\/ernst.png\",\"datePublished\":\"2015-09-17T23:36:30+00:00\",\"dateModified\":\"2015-09-24T20:04:18+00:00\",\"breadcrumb\":{\"@id\":\"https:\\\/\\\/www.gnrbrasil.net\\\/wordpress\\\/index.php\\\/produtos\\\/durometros\\\/durometros-on-line\\\/#breadcrumb\"},\"inLanguage\":\"pt-BR\",\"potentialAction\":[{\"@type\":\"ReadAction\",\"target\":[\"https:\\\/\\\/www.gnrbrasil.net\\\/wordpress\\\/index.php\\\/produtos\\\/durometros\\\/durometros-on-line\\\/\"]}]},{\"@type\":\"ImageObject\",\"inLanguage\":\"pt-BR\",\"@id\":\"https:\\\/\\\/www.gnrbrasil.net\\\/wordpress\\\/index.php\\\/produtos\\\/durometros\\\/durometros-on-line\\\/#primaryimage\",\"url\":\"https:\\\/\\\/www.gnrbrasil.net\\\/wordpress\\\/wp-content\\\/uploads\\\/2015\\\/09\\\/ernst.png\",\"contentUrl\":\"https:\\\/\\\/www.gnrbrasil.net\\\/wordpress\\\/wp-content\\\/uploads\\\/2015\\\/09\\\/ernst.png\",\"width\":80,\"height\":80},{\"@type\":\"BreadcrumbList\",\"@id\":\"https:\\\/\\\/www.gnrbrasil.net\\\/wordpress\\\/index.php\\\/produtos\\\/durometros\\\/durometros-on-line\\\/#breadcrumb\",\"itemListElement\":[{\"@type\":\"ListItem\",\"position\":1,\"name\":\"In\u00edcio\",\"item\":\"https:\\\/\\\/www.gnrbrasil.net\\\/wordpress\\\/\"},{\"@type\":\"ListItem\",\"position\":2,\"name\":\"Produtos\",\"item\":\"https:\\\/\\\/www.gnrbrasil.net\\\/wordpress\\\/index.php\\\/produtos\\\/\"},{\"@type\":\"ListItem\",\"position\":3,\"name\":\"Durometros\",\"item\":\"https:\\\/\\\/www.gnrbrasil.net\\\/wordpress\\\/index.php\\\/produtos\\\/durometros\\\/\"},{\"@type\":\"ListItem\",\"position\":4,\"name\":\"Durometros ON LINE\"}]},{\"@type\":\"WebSite\",\"@id\":\"https:\\\/\\\/www.gnrbrasil.net\\\/wordpress\\\/#website\",\"url\":\"https:\\\/\\\/www.gnrbrasil.net\\\/wordpress\\\/\",\"name\":\"Espectr\u00f4metros\",\"description\":\"\",\"publisher\":{\"@id\":\"https:\\\/\\\/www.gnrbrasil.net\\\/wordpress\\\/#organization\"},\"potentialAction\":[{\"@type\":\"SearchAction\",\"target\":{\"@type\":\"EntryPoint\",\"urlTemplate\":\"https:\\\/\\\/www.gnrbrasil.net\\\/wordpress\\\/?s={search_term_string}\"},\"query-input\":{\"@type\":\"PropertyValueSpecification\",\"valueRequired\":true,\"valueName\":\"search_term_string\"}}],\"inLanguage\":\"pt-BR\"},{\"@type\":\"Organization\",\"@id\":\"https:\\\/\\\/www.gnrbrasil.net\\\/wordpress\\\/#organization\",\"name\":\"GNR Brasil\",\"url\":\"https:\\\/\\\/www.gnrbrasil.net\\\/wordpress\\\/\",\"logo\":{\"@type\":\"ImageObject\",\"inLanguage\":\"pt-BR\",\"@id\":\"https:\\\/\\\/www.gnrbrasil.net\\\/wordpress\\\/#\\\/schema\\\/logo\\\/image\\\/\",\"url\":\"https:\\\/\\\/www.gnrbrasil.net\\\/wordpress\\\/wp-content\\\/uploads\\\/2023\\\/08\\\/cropped-cropped-Logo-GNR.jpg\",\"contentUrl\":\"https:\\\/\\\/www.gnrbrasil.net\\\/wordpress\\\/wp-content\\\/uploads\\\/2023\\\/08\\\/cropped-cropped-Logo-GNR.jpg\",\"width\":251,\"height\":99,\"caption\":\"GNR Brasil\"},\"image\":{\"@id\":\"https:\\\/\\\/www.gnrbrasil.net\\\/wordpress\\\/#\\\/schema\\\/logo\\\/image\\\/\"},\"sameAs\":[\"https:\\\/\\\/www.facebook.com\\\/gnrbrasil.net\",\"https:\\\/\\\/www.instagram.com\\\/gnrbrasil2023\\\/\"]}]}<\/script>\n<!-- \/ Yoast SEO plugin. -->","yoast_head_json":{"title":"Durometros ON LINE - Espectr\u00f4metros","robots":{"index":"index","follow":"follow","max-snippet":"max-snippet:-1","max-image-preview":"max-image-preview:large","max-video-preview":"max-video-preview:-1"},"canonical":"https:\/\/www.gnrbrasil.net\/wordpress\/index.php\/produtos\/durometros\/durometros-on-line\/","og_locale":"pt_BR","og_type":"article","og_title":"Durometros ON LINE - Espectr\u00f4metros","og_description":"Seguem alguns dos modelos de durometros ON LINE. Para mais informa\u00e7\u00f5es sobre estes e outros modelos de durometro, por favor\u00a0 consultar o site oficial da ERNST www.ernstsa.com BRE AUT ATMS 2008 Special machines Watch video about how it works\/ Assistir v\u00eddeo\u00a0 sobre o funcionamento clicando na imagem The plant in this particular application was designed [&hellip;]","og_url":"https:\/\/www.gnrbrasil.net\/wordpress\/index.php\/produtos\/durometros\/durometros-on-line\/","og_site_name":"Espectr\u00f4metros","article_publisher":"https:\/\/www.facebook.com\/gnrbrasil.net","article_modified_time":"2015-09-24T20:04:18+00:00","og_image":[{"width":80,"height":80,"url":"https:\/\/www.gnrbrasil.net\/wordpress\/wp-content\/uploads\/2015\/09\/ernst.png","type":"image\/png"}],"twitter_card":"summary_large_image","twitter_misc":{"Est. tempo de leitura":"3 minutos"},"schema":{"@context":"https:\/\/schema.org","@graph":[{"@type":"WebPage","@id":"https:\/\/www.gnrbrasil.net\/wordpress\/index.php\/produtos\/durometros\/durometros-on-line\/","url":"https:\/\/www.gnrbrasil.net\/wordpress\/index.php\/produtos\/durometros\/durometros-on-line\/","name":"Durometros ON LINE - Espectr\u00f4metros","isPartOf":{"@id":"https:\/\/www.gnrbrasil.net\/wordpress\/#website"},"primaryImageOfPage":{"@id":"https:\/\/www.gnrbrasil.net\/wordpress\/index.php\/produtos\/durometros\/durometros-on-line\/#primaryimage"},"image":{"@id":"https:\/\/www.gnrbrasil.net\/wordpress\/index.php\/produtos\/durometros\/durometros-on-line\/#primaryimage"},"thumbnailUrl":"https:\/\/www.gnrbrasil.net\/wordpress\/wp-content\/uploads\/2015\/09\/ernst.png","datePublished":"2015-09-17T23:36:30+00:00","dateModified":"2015-09-24T20:04:18+00:00","breadcrumb":{"@id":"https:\/\/www.gnrbrasil.net\/wordpress\/index.php\/produtos\/durometros\/durometros-on-line\/#breadcrumb"},"inLanguage":"pt-BR","potentialAction":[{"@type":"ReadAction","target":["https:\/\/www.gnrbrasil.net\/wordpress\/index.php\/produtos\/durometros\/durometros-on-line\/"]}]},{"@type":"ImageObject","inLanguage":"pt-BR","@id":"https:\/\/www.gnrbrasil.net\/wordpress\/index.php\/produtos\/durometros\/durometros-on-line\/#primaryimage","url":"https:\/\/www.gnrbrasil.net\/wordpress\/wp-content\/uploads\/2015\/09\/ernst.png","contentUrl":"https:\/\/www.gnrbrasil.net\/wordpress\/wp-content\/uploads\/2015\/09\/ernst.png","width":80,"height":80},{"@type":"BreadcrumbList","@id":"https:\/\/www.gnrbrasil.net\/wordpress\/index.php\/produtos\/durometros\/durometros-on-line\/#breadcrumb","itemListElement":[{"@type":"ListItem","position":1,"name":"In\u00edcio","item":"https:\/\/www.gnrbrasil.net\/wordpress\/"},{"@type":"ListItem","position":2,"name":"Produtos","item":"https:\/\/www.gnrbrasil.net\/wordpress\/index.php\/produtos\/"},{"@type":"ListItem","position":3,"name":"Durometros","item":"https:\/\/www.gnrbrasil.net\/wordpress\/index.php\/produtos\/durometros\/"},{"@type":"ListItem","position":4,"name":"Durometros ON LINE"}]},{"@type":"WebSite","@id":"https:\/\/www.gnrbrasil.net\/wordpress\/#website","url":"https:\/\/www.gnrbrasil.net\/wordpress\/","name":"Espectr\u00f4metros","description":"","publisher":{"@id":"https:\/\/www.gnrbrasil.net\/wordpress\/#organization"},"potentialAction":[{"@type":"SearchAction","target":{"@type":"EntryPoint","urlTemplate":"https:\/\/www.gnrbrasil.net\/wordpress\/?s={search_term_string}"},"query-input":{"@type":"PropertyValueSpecification","valueRequired":true,"valueName":"search_term_string"}}],"inLanguage":"pt-BR"},{"@type":"Organization","@id":"https:\/\/www.gnrbrasil.net\/wordpress\/#organization","name":"GNR Brasil","url":"https:\/\/www.gnrbrasil.net\/wordpress\/","logo":{"@type":"ImageObject","inLanguage":"pt-BR","@id":"https:\/\/www.gnrbrasil.net\/wordpress\/#\/schema\/logo\/image\/","url":"https:\/\/www.gnrbrasil.net\/wordpress\/wp-content\/uploads\/2023\/08\/cropped-cropped-Logo-GNR.jpg","contentUrl":"https:\/\/www.gnrbrasil.net\/wordpress\/wp-content\/uploads\/2023\/08\/cropped-cropped-Logo-GNR.jpg","width":251,"height":99,"caption":"GNR Brasil"},"image":{"@id":"https:\/\/www.gnrbrasil.net\/wordpress\/#\/schema\/logo\/image\/"},"sameAs":["https:\/\/www.facebook.com\/gnrbrasil.net","https:\/\/www.instagram.com\/gnrbrasil2023\/"]}]}},"_links":{"self":[{"href":"https:\/\/www.gnrbrasil.net\/wordpress\/index.php\/wp-json\/wp\/v2\/pages\/76","targetHints":{"allow":["GET"]}}],"collection":[{"href":"https:\/\/www.gnrbrasil.net\/wordpress\/index.php\/wp-json\/wp\/v2\/pages"}],"about":[{"href":"https:\/\/www.gnrbrasil.net\/wordpress\/index.php\/wp-json\/wp\/v2\/types\/page"}],"author":[{"embeddable":true,"href":"https:\/\/www.gnrbrasil.net\/wordpress\/index.php\/wp-json\/wp\/v2\/users\/1"}],"replies":[{"embeddable":true,"href":"https:\/\/www.gnrbrasil.net\/wordpress\/index.php\/wp-json\/wp\/v2\/comments?post=76"}],"version-history":[{"count":11,"href":"https:\/\/www.gnrbrasil.net\/wordpress\/index.php\/wp-json\/wp\/v2\/pages\/76\/revisions"}],"predecessor-version":[{"id":184,"href":"https:\/\/www.gnrbrasil.net\/wordpress\/index.php\/wp-json\/wp\/v2\/pages\/76\/revisions\/184"}],"up":[{"embeddable":true,"href":"https:\/\/www.gnrbrasil.net\/wordpress\/index.php\/wp-json\/wp\/v2\/pages\/47"}],"wp:featuredmedia":[{"embeddable":true,"href":"https:\/\/www.gnrbrasil.net\/wordpress\/index.php\/wp-json\/wp\/v2\/media\/160"}],"wp:attachment":[{"href":"https:\/\/www.gnrbrasil.net\/wordpress\/index.php\/wp-json\/wp\/v2\/media?parent=76"}],"curies":[{"name":"wp","href":"https:\/\/api.w.org\/{rel}","templated":true}]}}