{"id":57,"date":"2015-09-17T18:43:54","date_gmt":"2015-09-17T18:43:54","guid":{"rendered":"http:\/\/gnrbrasil.net\/wordpress\/?page_id=57"},"modified":"2023-09-02T23:55:40","modified_gmt":"2023-09-02T23:55:40","slug":"servicos","status":"publish","type":"page","link":"https:\/\/www.gnrbrasil.net\/wordpress\/index.php\/servicos\/","title":{"rendered":"Servi\u00e7os"},"content":{"rendered":"\t\t<div data-elementor-type=\"wp-page\" data-elementor-id=\"57\" class=\"elementor elementor-57\">\n\t\t\t\t<div class=\"elementor-element elementor-element-252b860 e-flex e-con-boxed e-con e-parent\" data-id=\"252b860\" data-element_type=\"container\" data-e-type=\"container\">\n\t\t\t\t\t<div class=\"e-con-inner\">\n\t\t\t\t<div class=\"elementor-element elementor-element-5b3be31 elementor-widget elementor-widget-heading\" data-id=\"5b3be31\" data-element_type=\"widget\" data-e-type=\"widget\" data-widget_type=\"heading.default\">\n\t\t\t\t<div class=\"elementor-widget-container\">\n\t\t\t\t\t<h1 class=\"elementor-heading-title elementor-size-small\">Ensaios<\/h1>\t\t\t\t<\/div>\n\t\t\t\t<\/div>\n\t\t\t\t\t<\/div>\n\t\t\t\t<\/div>\n\t\t\t\t<section class=\"elementor-section elementor-top-section elementor-element elementor-element-5e90af9 elementor-section-boxed elementor-section-height-default elementor-section-height-default\" data-id=\"5e90af9\" data-element_type=\"section\" data-e-type=\"section\">\n\t\t\t\t\t\t<div class=\"elementor-container elementor-column-gap-default\">\n\t\t\t\t\t<div class=\"elementor-column elementor-col-100 elementor-top-column elementor-element elementor-element-b3945eb\" data-id=\"b3945eb\" data-element_type=\"column\" data-e-type=\"column\">\n\t\t\t<div class=\"elementor-widget-wrap elementor-element-populated\">\n\t\t\t\t\t\t<div class=\"elementor-element elementor-element-a4a0e7a elementor-widget elementor-widget-text-editor\" data-id=\"a4a0e7a\" data-element_type=\"widget\" data-e-type=\"widget\" data-widget_type=\"text-editor.default\">\n\t\t\t\t<div class=\"elementor-widget-container\">\n\t\t\t\t\t\t\t\t\t<p style=\"text-align: center;\"><span style=\"color: #ffffff;\">GNR Brasil oferece instala\u00e7\u00e3o e assist\u00eancia t\u00e9cnicas de todos os equipamento representados.<\/span><\/p><p><span style=\"color: #ffffff;\">\u00a0<\/span><\/p>\t\t\t\t\t\t\t\t<\/div>\n\t\t\t\t<\/div>\n\t\t\t\t\t<\/div>\n\t\t<\/div>\n\t\t\t\t\t<\/div>\n\t\t<\/section>\n\t\t<div class=\"elementor-element elementor-element-f46fe30 e-flex e-con-boxed e-con e-parent\" data-id=\"f46fe30\" data-element_type=\"container\" data-e-type=\"container\">\n\t\t\t\t\t<div class=\"e-con-inner\">\n\t\t\t\t<div class=\"elementor-element elementor-element-6d14c46 elementor-align-center elementor-widget elementor-widget-button\" data-id=\"6d14c46\" data-element_type=\"widget\" data-e-type=\"widget\" data-widget_type=\"button.default\">\n\t\t\t\t<div class=\"elementor-widget-container\">\n\t\t\t\t\t\t\t\t\t<div class=\"elementor-button-wrapper\">\n\t\t\t\t\t<a class=\"elementor-button elementor-button-link elementor-size-sm\" href=\"https:\/\/www.gnrbrasil.net\/wordpress\/index.php\/servicos\/ensaios\/\" target=\"_blank\">\n\t\t\t\t\t\t<span class=\"elementor-button-content-wrapper\">\n\t\t\t\t\t\t\t\t\t<span class=\"elementor-button-text\">TIPOS DE ENSAIOS<\/span>\n\t\t\t\t\t<\/span>\n\t\t\t\t\t<\/a>\n\t\t\t\t<\/div>\n\t\t\t\t\t\t\t\t<\/div>\n\t\t\t\t<\/div>\n\t\t\t\t\t<\/div>\n\t\t\t\t<\/div>\n\t\t\t\t<\/div>\n\t\t","protected":false},"excerpt":{"rendered":"<p>Ensaios GNR Brasil oferece instala\u00e7\u00e3o e assist\u00eancia t\u00e9cnicas de todos os equipamento representados. \u00a0 TIPOS DE ENSAIOS<\/p>\n","protected":false},"author":1,"featured_media":0,"parent":0,"menu_order":0,"comment_status":"closed","ping_status":"closed","template":"","meta":{"_eb_attr":"","site-sidebar-layout":"default","site-content-layout":"","ast-site-content-layout":"default","site-content-style":"default","site-sidebar-style":"default","ast-global-header-display":"","ast-banner-title-visibility":"","ast-main-header-display":"","ast-hfb-above-header-display":"","ast-hfb-below-header-display":"","ast-hfb-mobile-header-display":"","site-post-title":"","ast-breadcrumbs-content":"","ast-featured-img":"","footer-sml-layout":"","theme-transparent-header-meta":"","adv-header-id-meta":"","stick-header-meta":"","header-above-stick-meta":"","header-main-stick-meta":"","header-below-stick-meta":"","astra-migrate-meta-layouts":"set","ast-page-background-enabled":"default","ast-page-background-meta":{"desktop":{"background-color":"var(--ast-global-color-4)","background-image":"","background-repeat":"repeat","background-position":"center center","background-size":"auto","background-attachment":"scroll","background-type":"","background-media":"","overlay-type":"","overlay-color":"","overlay-opacity":"","overlay-gradient":""},"tablet":{"background-color":"","background-image":"","background-repeat":"repeat","background-position":"center center","background-size":"auto","background-attachment":"scroll","background-type":"","background-media":"","overlay-type":"","overlay-color":"","overlay-opacity":"","overlay-gradient":""},"mobile":{"background-color":"","background-image":"","background-repeat":"repeat","background-position":"center center","background-size":"auto","background-attachment":"scroll","background-type":"","background-media":"","overlay-type":"","overlay-color":"","overlay-opacity":"","overlay-gradient":""}},"ast-content-background-meta":{"desktop":{"background-color":"var(--ast-global-color-5)","background-image":"","background-repeat":"repeat","background-position":"center center","background-size":"auto","background-attachment":"scroll","background-type":"","background-media":"","overlay-type":"","overlay-color":"","overlay-opacity":"","overlay-gradient":""},"tablet":{"background-color":"var(--ast-global-color-5)","background-image":"","background-repeat":"repeat","background-position":"center center","background-size":"auto","background-attachment":"scroll","background-type":"","background-media":"","overlay-type":"","overlay-color":"","overlay-opacity":"","overlay-gradient":""},"mobile":{"background-color":"var(--ast-global-color-5)","background-image":"","background-repeat":"repeat","background-position":"center center","background-size":"auto","background-attachment":"scroll","background-type":"","background-media":"","overlay-type":"","overlay-color":"","overlay-opacity":"","overlay-gradient":""}},"footnotes":""},"class_list":["post-57","page","type-page","status-publish","hentry"],"yoast_head":"<!-- This site is optimized with the Yoast SEO plugin v27.3 - https:\/\/yoast.com\/product\/yoast-seo-wordpress\/ -->\n<title>Servi\u00e7os - Espectr\u00f4metros<\/title>\n<meta name=\"robots\" content=\"index, follow, max-snippet:-1, max-image-preview:large, max-video-preview:-1\" \/>\n<link rel=\"canonical\" href=\"https:\/\/www.gnrbrasil.net\/wordpress\/index.php\/servicos\/\" \/>\n<meta property=\"og:locale\" content=\"pt_BR\" \/>\n<meta property=\"og:type\" content=\"article\" \/>\n<meta property=\"og:title\" content=\"Servi\u00e7os - Espectr\u00f4metros\" \/>\n<meta property=\"og:description\" content=\"Ensaios GNR Brasil oferece instala\u00e7\u00e3o e assist\u00eancia t\u00e9cnicas de todos os equipamento representados. \u00a0 TIPOS DE ENSAIOS\" \/>\n<meta property=\"og:url\" content=\"https:\/\/www.gnrbrasil.net\/wordpress\/index.php\/servicos\/\" \/>\n<meta property=\"og:site_name\" content=\"Espectr\u00f4metros\" \/>\n<meta property=\"article:publisher\" content=\"https:\/\/www.facebook.com\/gnrbrasil.net\" \/>\n<meta property=\"article:modified_time\" content=\"2023-09-02T23:55:40+00:00\" \/>\n<meta name=\"twitter:card\" content=\"summary_large_image\" \/>\n<meta name=\"twitter:label1\" content=\"Est. tempo de leitura\" \/>\n\t<meta name=\"twitter:data1\" content=\"1 minuto\" \/>\n<script type=\"application\/ld+json\" class=\"yoast-schema-graph\">{\"@context\":\"https:\\\/\\\/schema.org\",\"@graph\":[{\"@type\":\"WebPage\",\"@id\":\"https:\\\/\\\/www.gnrbrasil.net\\\/wordpress\\\/index.php\\\/servicos\\\/\",\"url\":\"https:\\\/\\\/www.gnrbrasil.net\\\/wordpress\\\/index.php\\\/servicos\\\/\",\"name\":\"Servi\u00e7os - Espectr\u00f4metros\",\"isPartOf\":{\"@id\":\"https:\\\/\\\/www.gnrbrasil.net\\\/wordpress\\\/#website\"},\"datePublished\":\"2015-09-17T18:43:54+00:00\",\"dateModified\":\"2023-09-02T23:55:40+00:00\",\"breadcrumb\":{\"@id\":\"https:\\\/\\\/www.gnrbrasil.net\\\/wordpress\\\/index.php\\\/servicos\\\/#breadcrumb\"},\"inLanguage\":\"pt-BR\",\"potentialAction\":[{\"@type\":\"ReadAction\",\"target\":[\"https:\\\/\\\/www.gnrbrasil.net\\\/wordpress\\\/index.php\\\/servicos\\\/\"]}]},{\"@type\":\"BreadcrumbList\",\"@id\":\"https:\\\/\\\/www.gnrbrasil.net\\\/wordpress\\\/index.php\\\/servicos\\\/#breadcrumb\",\"itemListElement\":[{\"@type\":\"ListItem\",\"position\":1,\"name\":\"In\u00edcio\",\"item\":\"https:\\\/\\\/www.gnrbrasil.net\\\/wordpress\\\/\"},{\"@type\":\"ListItem\",\"position\":2,\"name\":\"Servi\u00e7os\"}]},{\"@type\":\"WebSite\",\"@id\":\"https:\\\/\\\/www.gnrbrasil.net\\\/wordpress\\\/#website\",\"url\":\"https:\\\/\\\/www.gnrbrasil.net\\\/wordpress\\\/\",\"name\":\"Espectr\u00f4metros\",\"description\":\"\",\"publisher\":{\"@id\":\"https:\\\/\\\/www.gnrbrasil.net\\\/wordpress\\\/#organization\"},\"potentialAction\":[{\"@type\":\"SearchAction\",\"target\":{\"@type\":\"EntryPoint\",\"urlTemplate\":\"https:\\\/\\\/www.gnrbrasil.net\\\/wordpress\\\/?s={search_term_string}\"},\"query-input\":{\"@type\":\"PropertyValueSpecification\",\"valueRequired\":true,\"valueName\":\"search_term_string\"}}],\"inLanguage\":\"pt-BR\"},{\"@type\":\"Organization\",\"@id\":\"https:\\\/\\\/www.gnrbrasil.net\\\/wordpress\\\/#organization\",\"name\":\"GNR Brasil\",\"url\":\"https:\\\/\\\/www.gnrbrasil.net\\\/wordpress\\\/\",\"logo\":{\"@type\":\"ImageObject\",\"inLanguage\":\"pt-BR\",\"@id\":\"https:\\\/\\\/www.gnrbrasil.net\\\/wordpress\\\/#\\\/schema\\\/logo\\\/image\\\/\",\"url\":\"https:\\\/\\\/www.gnrbrasil.net\\\/wordpress\\\/wp-content\\\/uploads\\\/2023\\\/08\\\/cropped-cropped-Logo-GNR.jpg\",\"contentUrl\":\"https:\\\/\\\/www.gnrbrasil.net\\\/wordpress\\\/wp-content\\\/uploads\\\/2023\\\/08\\\/cropped-cropped-Logo-GNR.jpg\",\"width\":251,\"height\":99,\"caption\":\"GNR Brasil\"},\"image\":{\"@id\":\"https:\\\/\\\/www.gnrbrasil.net\\\/wordpress\\\/#\\\/schema\\\/logo\\\/image\\\/\"},\"sameAs\":[\"https:\\\/\\\/www.facebook.com\\\/gnrbrasil.net\",\"https:\\\/\\\/www.instagram.com\\\/gnrbrasil2023\\\/\"]}]}<\/script>\n<!-- \/ Yoast SEO plugin. -->","yoast_head_json":{"title":"Servi\u00e7os - Espectr\u00f4metros","robots":{"index":"index","follow":"follow","max-snippet":"max-snippet:-1","max-image-preview":"max-image-preview:large","max-video-preview":"max-video-preview:-1"},"canonical":"https:\/\/www.gnrbrasil.net\/wordpress\/index.php\/servicos\/","og_locale":"pt_BR","og_type":"article","og_title":"Servi\u00e7os - Espectr\u00f4metros","og_description":"Ensaios GNR Brasil oferece instala\u00e7\u00e3o e assist\u00eancia t\u00e9cnicas de todos os equipamento representados. \u00a0 TIPOS DE ENSAIOS","og_url":"https:\/\/www.gnrbrasil.net\/wordpress\/index.php\/servicos\/","og_site_name":"Espectr\u00f4metros","article_publisher":"https:\/\/www.facebook.com\/gnrbrasil.net","article_modified_time":"2023-09-02T23:55:40+00:00","twitter_card":"summary_large_image","twitter_misc":{"Est. tempo de leitura":"1 minuto"},"schema":{"@context":"https:\/\/schema.org","@graph":[{"@type":"WebPage","@id":"https:\/\/www.gnrbrasil.net\/wordpress\/index.php\/servicos\/","url":"https:\/\/www.gnrbrasil.net\/wordpress\/index.php\/servicos\/","name":"Servi\u00e7os - Espectr\u00f4metros","isPartOf":{"@id":"https:\/\/www.gnrbrasil.net\/wordpress\/#website"},"datePublished":"2015-09-17T18:43:54+00:00","dateModified":"2023-09-02T23:55:40+00:00","breadcrumb":{"@id":"https:\/\/www.gnrbrasil.net\/wordpress\/index.php\/servicos\/#breadcrumb"},"inLanguage":"pt-BR","potentialAction":[{"@type":"ReadAction","target":["https:\/\/www.gnrbrasil.net\/wordpress\/index.php\/servicos\/"]}]},{"@type":"BreadcrumbList","@id":"https:\/\/www.gnrbrasil.net\/wordpress\/index.php\/servicos\/#breadcrumb","itemListElement":[{"@type":"ListItem","position":1,"name":"In\u00edcio","item":"https:\/\/www.gnrbrasil.net\/wordpress\/"},{"@type":"ListItem","position":2,"name":"Servi\u00e7os"}]},{"@type":"WebSite","@id":"https:\/\/www.gnrbrasil.net\/wordpress\/#website","url":"https:\/\/www.gnrbrasil.net\/wordpress\/","name":"Espectr\u00f4metros","description":"","publisher":{"@id":"https:\/\/www.gnrbrasil.net\/wordpress\/#organization"},"potentialAction":[{"@type":"SearchAction","target":{"@type":"EntryPoint","urlTemplate":"https:\/\/www.gnrbrasil.net\/wordpress\/?s={search_term_string}"},"query-input":{"@type":"PropertyValueSpecification","valueRequired":true,"valueName":"search_term_string"}}],"inLanguage":"pt-BR"},{"@type":"Organization","@id":"https:\/\/www.gnrbrasil.net\/wordpress\/#organization","name":"GNR Brasil","url":"https:\/\/www.gnrbrasil.net\/wordpress\/","logo":{"@type":"ImageObject","inLanguage":"pt-BR","@id":"https:\/\/www.gnrbrasil.net\/wordpress\/#\/schema\/logo\/image\/","url":"https:\/\/www.gnrbrasil.net\/wordpress\/wp-content\/uploads\/2023\/08\/cropped-cropped-Logo-GNR.jpg","contentUrl":"https:\/\/www.gnrbrasil.net\/wordpress\/wp-content\/uploads\/2023\/08\/cropped-cropped-Logo-GNR.jpg","width":251,"height":99,"caption":"GNR Brasil"},"image":{"@id":"https:\/\/www.gnrbrasil.net\/wordpress\/#\/schema\/logo\/image\/"},"sameAs":["https:\/\/www.facebook.com\/gnrbrasil.net","https:\/\/www.instagram.com\/gnrbrasil2023\/"]}]}},"_links":{"self":[{"href":"https:\/\/www.gnrbrasil.net\/wordpress\/index.php\/wp-json\/wp\/v2\/pages\/57","targetHints":{"allow":["GET"]}}],"collection":[{"href":"https:\/\/www.gnrbrasil.net\/wordpress\/index.php\/wp-json\/wp\/v2\/pages"}],"about":[{"href":"https:\/\/www.gnrbrasil.net\/wordpress\/index.php\/wp-json\/wp\/v2\/types\/page"}],"author":[{"embeddable":true,"href":"https:\/\/www.gnrbrasil.net\/wordpress\/index.php\/wp-json\/wp\/v2\/users\/1"}],"replies":[{"embeddable":true,"href":"https:\/\/www.gnrbrasil.net\/wordpress\/index.php\/wp-json\/wp\/v2\/comments?post=57"}],"version-history":[{"count":29,"href":"https:\/\/www.gnrbrasil.net\/wordpress\/index.php\/wp-json\/wp\/v2\/pages\/57\/revisions"}],"predecessor-version":[{"id":1425,"href":"https:\/\/www.gnrbrasil.net\/wordpress\/index.php\/wp-json\/wp\/v2\/pages\/57\/revisions\/1425"}],"wp:attachment":[{"href":"https:\/\/www.gnrbrasil.net\/wordpress\/index.php\/wp-json\/wp\/v2\/media?parent=57"}],"curies":[{"name":"wp","href":"https:\/\/api.w.org\/{rel}","templated":true}]}}