{"id":47,"date":"2015-09-17T18:26:37","date_gmt":"2015-09-17T18:26:37","guid":{"rendered":"http:\/\/gnrbrasil.net\/wordpress\/?page_id=47"},"modified":"2023-08-23T14:55:50","modified_gmt":"2023-08-23T14:55:50","slug":"durometros","status":"publish","type":"page","link":"https:\/\/www.gnrbrasil.net\/wordpress\/index.php\/produtos\/durometros\/","title":{"rendered":"Durometros"},"content":{"rendered":"\t\t<div data-elementor-type=\"wp-page\" data-elementor-id=\"47\" class=\"elementor elementor-47\">\n\t\t\t\t<div class=\"elementor-element elementor-element-cad5764 e-flex e-con-boxed e-con e-parent\" data-id=\"cad5764\" data-element_type=\"container\" data-e-type=\"container\">\n\t\t\t\t\t<div class=\"e-con-inner\">\n\t\t<div class=\"elementor-element elementor-element-6fe6471 e-flex e-con-boxed e-con e-parent\" data-id=\"6fe6471\" data-element_type=\"container\" data-e-type=\"container\">\n\t\t\t\t\t<div class=\"e-con-inner\">\n\t\t\t\t<div class=\"elementor-element elementor-element-8fd1366 elementor-widget elementor-widget-wp-widget-nav_menu\" data-id=\"8fd1366\" data-element_type=\"widget\" data-e-type=\"widget\" data-widget_type=\"wp-widget-nav_menu.default\">\n\t\t\t\t<div class=\"elementor-widget-container\">\n\t\t\t\t\t<nav class=\"menu-durometros-container\" aria-label=\"Menu\"><ul id=\"menu-durometros\" class=\"menu\"><li id=\"menu-item-1094\" class=\"menu-item menu-item-type-post_type menu-item-object-page menu-item-has-children menu-item-1094\"><a aria-expanded=\"false\" href=\"https:\/\/www.gnrbrasil.net\/wordpress\/index.php\/produtos\/durometros\/\" class=\"menu-link\">Durometros<span role=\"application\" class=\"dropdown-menu-toggle ast-header-navigation-arrow\" tabindex=\"0\" aria-expanded=\"false\" aria-label=\"Alternar menu\" aria-haspopup=\"true\"><\/span><\/a>\n<ul class=\"sub-menu\">\n\t<li id=\"menu-item-1095\" class=\"menu-item menu-item-type-post_type menu-item-object-page menu-item-1095\"><a href=\"https:\/\/www.gnrbrasil.net\/wordpress\/index.php\/produtos\/durometros\/durometros-on-line\/\" class=\"menu-link\">Durometros ON LINE<\/a><\/li>\n\t<li id=\"menu-item-1096\" class=\"menu-item menu-item-type-post_type menu-item-object-page menu-item-1096\"><a href=\"https:\/\/www.gnrbrasil.net\/wordpress\/index.php\/produtos\/durometros\/durometros-standard\/\" class=\"menu-link\">Durometros Standard<\/a><\/li>\n<\/ul>\n<\/li>\n<\/ul><\/nav>\t\t\t\t<\/div>\n\t\t\t\t<\/div>\n\t\t\t\t\t<\/div>\n\t\t\t\t<\/div>\n\t\t\t\t\t<\/div>\n\t\t\t\t<\/div>\n\t\t<div class=\"elementor-element elementor-element-87af954 e-flex e-con-boxed e-con e-parent\" data-id=\"87af954\" data-element_type=\"container\" data-e-type=\"container\">\n\t\t\t\t\t<div class=\"e-con-inner\">\n\t\t\t\t<div class=\"elementor-element elementor-element-b9f5b24 elementor-widget elementor-widget-heading\" data-id=\"b9f5b24\" data-element_type=\"widget\" data-e-type=\"widget\" data-widget_type=\"heading.default\">\n\t\t\t\t<div class=\"elementor-widget-container\">\n\t\t\t\t\t<h2 class=\"elementor-heading-title elementor-size-default\">Durometria<\/h2>\t\t\t\t<\/div>\n\t\t\t\t<\/div>\n\t\t\t\t\t<\/div>\n\t\t\t\t<\/div>\n\t\t<div class=\"elementor-element elementor-element-bda4ff4 e-flex e-con-boxed e-con e-parent\" data-id=\"bda4ff4\" data-element_type=\"container\" data-e-type=\"container\">\n\t\t\t\t\t<div class=\"e-con-inner\">\n\t\t\t\t<div class=\"elementor-element elementor-element-9ec2652 elementor-widget elementor-widget-text-editor\" data-id=\"9ec2652\" data-element_type=\"widget\" data-e-type=\"widget\" data-widget_type=\"text-editor.default\">\n\t\t\t\t<div class=\"elementor-widget-container\">\n\t\t\t\t\t\t\t\t\t<p>Un dur\u00f4metro \u00e9 um instrumento utilizado para medir a dureza de um material, ou seja, sua resist\u00eancia \u00e0 deforma\u00e7\u00e3o pl\u00e1stica ou \u00e0 penetra\u00e7\u00e3o. Ele \u00e9 frequentemente utilizado na ind\u00fastria para avaliar a qualidade dos materiais, testar a resist\u00eancia de produtos e componentes, e tomar decis\u00f5es relacionadas \u00e0 sele\u00e7\u00e3o de materiais em processos de fabrica\u00e7\u00e3o.<\/p><p>O dur\u00f4metro opera medindo a profundidade de penetra\u00e7\u00e3o de um indentador em um material sob uma carga espec\u00edfica. Existem v\u00e1rios tipos de dur\u00f4metros, cada um utilizando um m\u00e9todo diferente para medir a dureza. Alguns dos tipos mais comuns de dur\u00f4metros incluem:<\/p><ol><li><p><strong>Dur\u00f4metro de Rockwell:<\/strong> Utiliza um indentador c\u00f4nico ou esf\u00e9rico. A dureza \u00e9 determinada pela medi\u00e7\u00e3o da profundidade de penetra\u00e7\u00e3o ap\u00f3s uma carga pr\u00e9-determinada ser aplicada.<\/p><\/li><li><p><strong>Dur\u00f4metro de Brinell:<\/strong> Utiliza um indentador esf\u00e9rico e mede a \u00e1rea da impress\u00e3o deixada no material ap\u00f3s a aplica\u00e7\u00e3o de uma carga.<\/p><\/li><li><p><strong>Dur\u00f4metro de Vickers:<\/strong> Utiliza um indentador em forma de pir\u00e2mide de diamante. A dureza \u00e9 calculada a partir das diagonais da impress\u00e3o deixada no material ap\u00f3s a aplica\u00e7\u00e3o de uma carga.<\/p><\/li><li><p><strong>Dur\u00f4metro Shore:<\/strong> Usado principalmente para materiais elastom\u00e9ricos, como borrachas e pl\u00e1sticos. Mede a profundidade de penetra\u00e7\u00e3o de um indentador c\u00f4nico.<\/p><\/li><li><p><strong>Dur\u00f4metro de Knoop:<\/strong> Similar ao dur\u00f4metro de Vickers, mas utiliza um indentador em forma de pir\u00e2mide alongada. Tamb\u00e9m \u00e9 usado para materiais finos ou pequenas amostras.<\/p><\/li><\/ol><p>O dur\u00f4metro \u00e9 uma ferramenta valiosa em muitos setores industriais, como metalurgia, automotivo, aeroespacial, eletr\u00f4nico e muito mais. Ele ajuda a garantir que os materiais utilizados atendam aos padr\u00f5es de qualidade e resist\u00eancia exigidos para suas aplica\u00e7\u00f5es espec\u00edficas.<\/p>\t\t\t\t\t\t\t\t<\/div>\n\t\t\t\t<\/div>\n\t\t\t\t\t<\/div>\n\t\t\t\t<\/div>\n\t\t<div class=\"elementor-element elementor-element-42ef878 e-flex e-con-boxed e-con e-parent\" data-id=\"42ef878\" data-element_type=\"container\" data-e-type=\"container\">\n\t\t\t\t\t<div class=\"e-con-inner\">\n\t\t\t\t<div class=\"elementor-element elementor-element-d7d5e03 elementor-widget elementor-widget-wp-widget-nav_menu\" data-id=\"d7d5e03\" data-element_type=\"widget\" data-e-type=\"widget\" data-widget_type=\"wp-widget-nav_menu.default\">\n\t\t\t\t<div class=\"elementor-widget-container\">\n\t\t\t\t\t<nav class=\"menu-durometros-container\" aria-label=\"Menu\"><ul id=\"menu-durometros-1\" class=\"menu\"><li class=\"menu-item menu-item-type-post_type menu-item-object-page menu-item-has-children menu-item-1094\"><a aria-expanded=\"false\" href=\"https:\/\/www.gnrbrasil.net\/wordpress\/index.php\/produtos\/durometros\/\" class=\"menu-link\">Durometros<span role=\"application\" class=\"dropdown-menu-toggle ast-header-navigation-arrow\" tabindex=\"0\" aria-expanded=\"false\" aria-label=\"Alternar menu\" aria-haspopup=\"true\"><\/span><\/a>\n<ul class=\"sub-menu\">\n\t<li class=\"menu-item menu-item-type-post_type menu-item-object-page menu-item-1095\"><a href=\"https:\/\/www.gnrbrasil.net\/wordpress\/index.php\/produtos\/durometros\/durometros-on-line\/\" class=\"menu-link\">Durometros ON LINE<\/a><\/li>\n\t<li class=\"menu-item menu-item-type-post_type menu-item-object-page menu-item-1096\"><a href=\"https:\/\/www.gnrbrasil.net\/wordpress\/index.php\/produtos\/durometros\/durometros-standard\/\" class=\"menu-link\">Durometros Standard<\/a><\/li>\n<\/ul>\n<\/li>\n<\/ul><\/nav>\t\t\t\t<\/div>\n\t\t\t\t<\/div>\n\t\t\t\t\t<\/div>\n\t\t\t\t<\/div>\n\t\t\t\t<\/div>\n\t\t","protected":false},"excerpt":{"rendered":"<p>Durometria Un dur\u00f4metro \u00e9 um instrumento utilizado para medir a dureza de um material, ou seja, sua resist\u00eancia \u00e0 deforma\u00e7\u00e3o pl\u00e1stica ou \u00e0 penetra\u00e7\u00e3o. Ele \u00e9 frequentemente utilizado na ind\u00fastria para avaliar a qualidade dos materiais, testar a resist\u00eancia de produtos e componentes, e tomar decis\u00f5es relacionadas \u00e0 sele\u00e7\u00e3o de materiais em processos de fabrica\u00e7\u00e3o. [&hellip;]<\/p>\n","protected":false},"author":1,"featured_media":160,"parent":7,"menu_order":0,"comment_status":"closed","ping_status":"closed","template":"","meta":{"_eb_attr":"","site-sidebar-layout":"default","site-content-layout":"","ast-site-content-layout":"default","site-content-style":"default","site-sidebar-style":"default","ast-global-header-display":"","ast-banner-title-visibility":"","ast-main-header-display":"","ast-hfb-above-header-display":"","ast-hfb-below-header-display":"","ast-hfb-mobile-header-display":"","site-post-title":"","ast-breadcrumbs-content":"","ast-featured-img":"","footer-sml-layout":"","theme-transparent-header-meta":"","adv-header-id-meta":"","stick-header-meta":"","header-above-stick-meta":"","header-main-stick-meta":"","header-below-stick-meta":"","astra-migrate-meta-layouts":"set","ast-page-background-enabled":"default","ast-page-background-meta":{"desktop":{"background-color":"var(--ast-global-color-4)","background-image":"","background-repeat":"repeat","background-position":"center center","background-size":"auto","background-attachment":"scroll","background-type":"","background-media":"","overlay-type":"","overlay-color":"","overlay-opacity":"","overlay-gradient":""},"tablet":{"background-color":"","background-image":"","background-repeat":"repeat","background-position":"center center","background-size":"auto","background-attachment":"scroll","background-type":"","background-media":"","overlay-type":"","overlay-color":"","overlay-opacity":"","overlay-gradient":""},"mobile":{"background-color":"","background-image":"","background-repeat":"repeat","background-position":"center center","background-size":"auto","background-attachment":"scroll","background-type":"","background-media":"","overlay-type":"","overlay-color":"","overlay-opacity":"","overlay-gradient":""}},"ast-content-background-meta":{"desktop":{"background-color":"var(--ast-global-color-5)","background-image":"","background-repeat":"repeat","background-position":"center center","background-size":"auto","background-attachment":"scroll","background-type":"","background-media":"","overlay-type":"","overlay-color":"","overlay-opacity":"","overlay-gradient":""},"tablet":{"background-color":"var(--ast-global-color-5)","background-image":"","background-repeat":"repeat","background-position":"center center","background-size":"auto","background-attachment":"scroll","background-type":"","background-media":"","overlay-type":"","overlay-color":"","overlay-opacity":"","overlay-gradient":""},"mobile":{"background-color":"var(--ast-global-color-5)","background-image":"","background-repeat":"repeat","background-position":"center center","background-size":"auto","background-attachment":"scroll","background-type":"","background-media":"","overlay-type":"","overlay-color":"","overlay-opacity":"","overlay-gradient":""}},"footnotes":""},"class_list":["post-47","page","type-page","status-publish","has-post-thumbnail","hentry"],"yoast_head":"<!-- This site is optimized with the Yoast SEO plugin v27.3 - https:\/\/yoast.com\/product\/yoast-seo-wordpress\/ -->\n<title>Durometros - Espectr\u00f4metros<\/title>\n<meta name=\"robots\" content=\"index, follow, max-snippet:-1, max-image-preview:large, max-video-preview:-1\" \/>\n<link rel=\"canonical\" href=\"https:\/\/www.gnrbrasil.net\/wordpress\/index.php\/produtos\/durometros\/\" \/>\n<meta property=\"og:locale\" content=\"pt_BR\" \/>\n<meta property=\"og:type\" content=\"article\" \/>\n<meta property=\"og:title\" content=\"Durometros - Espectr\u00f4metros\" \/>\n<meta property=\"og:description\" content=\"Durometria Un dur\u00f4metro \u00e9 um instrumento utilizado para medir a dureza de um material, ou seja, sua resist\u00eancia \u00e0 deforma\u00e7\u00e3o pl\u00e1stica ou \u00e0 penetra\u00e7\u00e3o. Ele \u00e9 frequentemente utilizado na ind\u00fastria para avaliar a qualidade dos materiais, testar a resist\u00eancia de produtos e componentes, e tomar decis\u00f5es relacionadas \u00e0 sele\u00e7\u00e3o de materiais em processos de fabrica\u00e7\u00e3o. [&hellip;]\" \/>\n<meta property=\"og:url\" content=\"https:\/\/www.gnrbrasil.net\/wordpress\/index.php\/produtos\/durometros\/\" \/>\n<meta property=\"og:site_name\" content=\"Espectr\u00f4metros\" \/>\n<meta property=\"article:publisher\" content=\"https:\/\/www.facebook.com\/gnrbrasil.net\" \/>\n<meta property=\"article:modified_time\" content=\"2023-08-23T14:55:50+00:00\" \/>\n<meta property=\"og:image\" content=\"https:\/\/www.gnrbrasil.net\/wordpress\/wp-content\/uploads\/2015\/09\/ernst.png\" \/>\n\t<meta property=\"og:image:width\" content=\"80\" \/>\n\t<meta property=\"og:image:height\" content=\"80\" \/>\n\t<meta property=\"og:image:type\" content=\"image\/png\" \/>\n<meta name=\"twitter:card\" content=\"summary_large_image\" \/>\n<meta name=\"twitter:label1\" content=\"Est. tempo de leitura\" \/>\n\t<meta name=\"twitter:data1\" content=\"1 minuto\" \/>\n<script type=\"application\/ld+json\" class=\"yoast-schema-graph\">{\"@context\":\"https:\\\/\\\/schema.org\",\"@graph\":[{\"@type\":\"WebPage\",\"@id\":\"https:\\\/\\\/www.gnrbrasil.net\\\/wordpress\\\/index.php\\\/produtos\\\/durometros\\\/\",\"url\":\"https:\\\/\\\/www.gnrbrasil.net\\\/wordpress\\\/index.php\\\/produtos\\\/durometros\\\/\",\"name\":\"Durometros - Espectr\u00f4metros\",\"isPartOf\":{\"@id\":\"https:\\\/\\\/www.gnrbrasil.net\\\/wordpress\\\/#website\"},\"primaryImageOfPage\":{\"@id\":\"https:\\\/\\\/www.gnrbrasil.net\\\/wordpress\\\/index.php\\\/produtos\\\/durometros\\\/#primaryimage\"},\"image\":{\"@id\":\"https:\\\/\\\/www.gnrbrasil.net\\\/wordpress\\\/index.php\\\/produtos\\\/durometros\\\/#primaryimage\"},\"thumbnailUrl\":\"https:\\\/\\\/www.gnrbrasil.net\\\/wordpress\\\/wp-content\\\/uploads\\\/2015\\\/09\\\/ernst.png\",\"datePublished\":\"2015-09-17T18:26:37+00:00\",\"dateModified\":\"2023-08-23T14:55:50+00:00\",\"breadcrumb\":{\"@id\":\"https:\\\/\\\/www.gnrbrasil.net\\\/wordpress\\\/index.php\\\/produtos\\\/durometros\\\/#breadcrumb\"},\"inLanguage\":\"pt-BR\",\"potentialAction\":[{\"@type\":\"ReadAction\",\"target\":[\"https:\\\/\\\/www.gnrbrasil.net\\\/wordpress\\\/index.php\\\/produtos\\\/durometros\\\/\"]}]},{\"@type\":\"ImageObject\",\"inLanguage\":\"pt-BR\",\"@id\":\"https:\\\/\\\/www.gnrbrasil.net\\\/wordpress\\\/index.php\\\/produtos\\\/durometros\\\/#primaryimage\",\"url\":\"https:\\\/\\\/www.gnrbrasil.net\\\/wordpress\\\/wp-content\\\/uploads\\\/2015\\\/09\\\/ernst.png\",\"contentUrl\":\"https:\\\/\\\/www.gnrbrasil.net\\\/wordpress\\\/wp-content\\\/uploads\\\/2015\\\/09\\\/ernst.png\",\"width\":80,\"height\":80},{\"@type\":\"BreadcrumbList\",\"@id\":\"https:\\\/\\\/www.gnrbrasil.net\\\/wordpress\\\/index.php\\\/produtos\\\/durometros\\\/#breadcrumb\",\"itemListElement\":[{\"@type\":\"ListItem\",\"position\":1,\"name\":\"In\u00edcio\",\"item\":\"https:\\\/\\\/www.gnrbrasil.net\\\/wordpress\\\/\"},{\"@type\":\"ListItem\",\"position\":2,\"name\":\"Produtos\",\"item\":\"https:\\\/\\\/www.gnrbrasil.net\\\/wordpress\\\/index.php\\\/produtos\\\/\"},{\"@type\":\"ListItem\",\"position\":3,\"name\":\"Durometros\"}]},{\"@type\":\"WebSite\",\"@id\":\"https:\\\/\\\/www.gnrbrasil.net\\\/wordpress\\\/#website\",\"url\":\"https:\\\/\\\/www.gnrbrasil.net\\\/wordpress\\\/\",\"name\":\"Espectr\u00f4metros\",\"description\":\"\",\"publisher\":{\"@id\":\"https:\\\/\\\/www.gnrbrasil.net\\\/wordpress\\\/#organization\"},\"potentialAction\":[{\"@type\":\"SearchAction\",\"target\":{\"@type\":\"EntryPoint\",\"urlTemplate\":\"https:\\\/\\\/www.gnrbrasil.net\\\/wordpress\\\/?s={search_term_string}\"},\"query-input\":{\"@type\":\"PropertyValueSpecification\",\"valueRequired\":true,\"valueName\":\"search_term_string\"}}],\"inLanguage\":\"pt-BR\"},{\"@type\":\"Organization\",\"@id\":\"https:\\\/\\\/www.gnrbrasil.net\\\/wordpress\\\/#organization\",\"name\":\"GNR Brasil\",\"url\":\"https:\\\/\\\/www.gnrbrasil.net\\\/wordpress\\\/\",\"logo\":{\"@type\":\"ImageObject\",\"inLanguage\":\"pt-BR\",\"@id\":\"https:\\\/\\\/www.gnrbrasil.net\\\/wordpress\\\/#\\\/schema\\\/logo\\\/image\\\/\",\"url\":\"https:\\\/\\\/www.gnrbrasil.net\\\/wordpress\\\/wp-content\\\/uploads\\\/2023\\\/08\\\/cropped-cropped-Logo-GNR.jpg\",\"contentUrl\":\"https:\\\/\\\/www.gnrbrasil.net\\\/wordpress\\\/wp-content\\\/uploads\\\/2023\\\/08\\\/cropped-cropped-Logo-GNR.jpg\",\"width\":251,\"height\":99,\"caption\":\"GNR Brasil\"},\"image\":{\"@id\":\"https:\\\/\\\/www.gnrbrasil.net\\\/wordpress\\\/#\\\/schema\\\/logo\\\/image\\\/\"},\"sameAs\":[\"https:\\\/\\\/www.facebook.com\\\/gnrbrasil.net\",\"https:\\\/\\\/www.instagram.com\\\/gnrbrasil2023\\\/\"]}]}<\/script>\n<!-- \/ Yoast SEO plugin. -->","yoast_head_json":{"title":"Durometros - Espectr\u00f4metros","robots":{"index":"index","follow":"follow","max-snippet":"max-snippet:-1","max-image-preview":"max-image-preview:large","max-video-preview":"max-video-preview:-1"},"canonical":"https:\/\/www.gnrbrasil.net\/wordpress\/index.php\/produtos\/durometros\/","og_locale":"pt_BR","og_type":"article","og_title":"Durometros - Espectr\u00f4metros","og_description":"Durometria Un dur\u00f4metro \u00e9 um instrumento utilizado para medir a dureza de um material, ou seja, sua resist\u00eancia \u00e0 deforma\u00e7\u00e3o pl\u00e1stica ou \u00e0 penetra\u00e7\u00e3o. Ele \u00e9 frequentemente utilizado na ind\u00fastria para avaliar a qualidade dos materiais, testar a resist\u00eancia de produtos e componentes, e tomar decis\u00f5es relacionadas \u00e0 sele\u00e7\u00e3o de materiais em processos de fabrica\u00e7\u00e3o. [&hellip;]","og_url":"https:\/\/www.gnrbrasil.net\/wordpress\/index.php\/produtos\/durometros\/","og_site_name":"Espectr\u00f4metros","article_publisher":"https:\/\/www.facebook.com\/gnrbrasil.net","article_modified_time":"2023-08-23T14:55:50+00:00","og_image":[{"width":80,"height":80,"url":"https:\/\/www.gnrbrasil.net\/wordpress\/wp-content\/uploads\/2015\/09\/ernst.png","type":"image\/png"}],"twitter_card":"summary_large_image","twitter_misc":{"Est. tempo de leitura":"1 minuto"},"schema":{"@context":"https:\/\/schema.org","@graph":[{"@type":"WebPage","@id":"https:\/\/www.gnrbrasil.net\/wordpress\/index.php\/produtos\/durometros\/","url":"https:\/\/www.gnrbrasil.net\/wordpress\/index.php\/produtos\/durometros\/","name":"Durometros - Espectr\u00f4metros","isPartOf":{"@id":"https:\/\/www.gnrbrasil.net\/wordpress\/#website"},"primaryImageOfPage":{"@id":"https:\/\/www.gnrbrasil.net\/wordpress\/index.php\/produtos\/durometros\/#primaryimage"},"image":{"@id":"https:\/\/www.gnrbrasil.net\/wordpress\/index.php\/produtos\/durometros\/#primaryimage"},"thumbnailUrl":"https:\/\/www.gnrbrasil.net\/wordpress\/wp-content\/uploads\/2015\/09\/ernst.png","datePublished":"2015-09-17T18:26:37+00:00","dateModified":"2023-08-23T14:55:50+00:00","breadcrumb":{"@id":"https:\/\/www.gnrbrasil.net\/wordpress\/index.php\/produtos\/durometros\/#breadcrumb"},"inLanguage":"pt-BR","potentialAction":[{"@type":"ReadAction","target":["https:\/\/www.gnrbrasil.net\/wordpress\/index.php\/produtos\/durometros\/"]}]},{"@type":"ImageObject","inLanguage":"pt-BR","@id":"https:\/\/www.gnrbrasil.net\/wordpress\/index.php\/produtos\/durometros\/#primaryimage","url":"https:\/\/www.gnrbrasil.net\/wordpress\/wp-content\/uploads\/2015\/09\/ernst.png","contentUrl":"https:\/\/www.gnrbrasil.net\/wordpress\/wp-content\/uploads\/2015\/09\/ernst.png","width":80,"height":80},{"@type":"BreadcrumbList","@id":"https:\/\/www.gnrbrasil.net\/wordpress\/index.php\/produtos\/durometros\/#breadcrumb","itemListElement":[{"@type":"ListItem","position":1,"name":"In\u00edcio","item":"https:\/\/www.gnrbrasil.net\/wordpress\/"},{"@type":"ListItem","position":2,"name":"Produtos","item":"https:\/\/www.gnrbrasil.net\/wordpress\/index.php\/produtos\/"},{"@type":"ListItem","position":3,"name":"Durometros"}]},{"@type":"WebSite","@id":"https:\/\/www.gnrbrasil.net\/wordpress\/#website","url":"https:\/\/www.gnrbrasil.net\/wordpress\/","name":"Espectr\u00f4metros","description":"","publisher":{"@id":"https:\/\/www.gnrbrasil.net\/wordpress\/#organization"},"potentialAction":[{"@type":"SearchAction","target":{"@type":"EntryPoint","urlTemplate":"https:\/\/www.gnrbrasil.net\/wordpress\/?s={search_term_string}"},"query-input":{"@type":"PropertyValueSpecification","valueRequired":true,"valueName":"search_term_string"}}],"inLanguage":"pt-BR"},{"@type":"Organization","@id":"https:\/\/www.gnrbrasil.net\/wordpress\/#organization","name":"GNR Brasil","url":"https:\/\/www.gnrbrasil.net\/wordpress\/","logo":{"@type":"ImageObject","inLanguage":"pt-BR","@id":"https:\/\/www.gnrbrasil.net\/wordpress\/#\/schema\/logo\/image\/","url":"https:\/\/www.gnrbrasil.net\/wordpress\/wp-content\/uploads\/2023\/08\/cropped-cropped-Logo-GNR.jpg","contentUrl":"https:\/\/www.gnrbrasil.net\/wordpress\/wp-content\/uploads\/2023\/08\/cropped-cropped-Logo-GNR.jpg","width":251,"height":99,"caption":"GNR Brasil"},"image":{"@id":"https:\/\/www.gnrbrasil.net\/wordpress\/#\/schema\/logo\/image\/"},"sameAs":["https:\/\/www.facebook.com\/gnrbrasil.net","https:\/\/www.instagram.com\/gnrbrasil2023\/"]}]}},"_links":{"self":[{"href":"https:\/\/www.gnrbrasil.net\/wordpress\/index.php\/wp-json\/wp\/v2\/pages\/47","targetHints":{"allow":["GET"]}}],"collection":[{"href":"https:\/\/www.gnrbrasil.net\/wordpress\/index.php\/wp-json\/wp\/v2\/pages"}],"about":[{"href":"https:\/\/www.gnrbrasil.net\/wordpress\/index.php\/wp-json\/wp\/v2\/types\/page"}],"author":[{"embeddable":true,"href":"https:\/\/www.gnrbrasil.net\/wordpress\/index.php\/wp-json\/wp\/v2\/users\/1"}],"replies":[{"embeddable":true,"href":"https:\/\/www.gnrbrasil.net\/wordpress\/index.php\/wp-json\/wp\/v2\/comments?post=47"}],"version-history":[{"count":22,"href":"https:\/\/www.gnrbrasil.net\/wordpress\/index.php\/wp-json\/wp\/v2\/pages\/47\/revisions"}],"predecessor-version":[{"id":1103,"href":"https:\/\/www.gnrbrasil.net\/wordpress\/index.php\/wp-json\/wp\/v2\/pages\/47\/revisions\/1103"}],"up":[{"embeddable":true,"href":"https:\/\/www.gnrbrasil.net\/wordpress\/index.php\/wp-json\/wp\/v2\/pages\/7"}],"wp:featuredmedia":[{"embeddable":true,"href":"https:\/\/www.gnrbrasil.net\/wordpress\/index.php\/wp-json\/wp\/v2\/media\/160"}],"wp:attachment":[{"href":"https:\/\/www.gnrbrasil.net\/wordpress\/index.php\/wp-json\/wp\/v2\/media?parent=47"}],"curies":[{"name":"wp","href":"https:\/\/api.w.org\/{rel}","templated":true}]}}