{"id":250,"date":"2015-10-20T16:06:12","date_gmt":"2015-10-20T16:06:12","guid":{"rendered":"http:\/\/gnrbrasil.net\/wordpress\/?page_id=250"},"modified":"2023-09-01T15:42:27","modified_gmt":"2023-09-01T15:42:27","slug":"analise-de-oleos","status":"publish","type":"page","link":"https:\/\/www.gnrbrasil.net\/wordpress\/index.php\/produtos\/espectrometros-de-emissao-optica\/analise-de-oleos\/","title":{"rendered":"Analise de \u00f3leos"},"content":{"rendered":"\t\t<div data-elementor-type=\"wp-page\" data-elementor-id=\"250\" class=\"elementor elementor-250\">\n\t\t\t\t<div class=\"elementor-element elementor-element-3941db5 e-flex e-con-boxed e-con e-parent\" data-id=\"3941db5\" data-element_type=\"container\" data-e-type=\"container\">\n\t\t\t\t\t<div class=\"e-con-inner\">\n\t\t\t\t<div class=\"elementor-element elementor-element-f0ec345 elementor-widget elementor-widget-text-editor\" data-id=\"f0ec345\" data-element_type=\"widget\" data-e-type=\"widget\" data-widget_type=\"text-editor.default\">\n\t\t\t\t<div class=\"elementor-widget-container\">\n\t\t\t\t\t\t\t\t\t<h1>ROTROIL<\/h1>\t\t\t\t\t\t\t\t<\/div>\n\t\t\t\t<\/div>\n\t\t\t\t\t<\/div>\n\t\t\t\t<\/div>\n\t\t<div class=\"elementor-element elementor-element-afe697a e-flex e-con-boxed e-con e-parent\" data-id=\"afe697a\" data-element_type=\"container\" data-e-type=\"container\">\n\t\t\t\t\t<div class=\"e-con-inner\">\n\t\t\t\t<div class=\"elementor-element elementor-element-664838c elementor-widget elementor-widget-image\" data-id=\"664838c\" data-element_type=\"widget\" data-e-type=\"widget\" data-widget_type=\"image.default\">\n\t\t\t\t<div class=\"elementor-widget-container\">\n\t\t\t\t\t\t\t\t\t\t\t\t\t\t\t<img fetchpriority=\"high\" decoding=\"async\" width=\"629\" height=\"523\" src=\"https:\/\/www.gnrbrasil.net\/wordpress\/wp-content\/uploads\/2023\/09\/Rotroil.jpg\" class=\"attachment-large size-large wp-image-1286\" alt=\"Espectr\u00f4metro\" srcset=\"https:\/\/www.gnrbrasil.net\/wordpress\/wp-content\/uploads\/2023\/09\/Rotroil.jpg 629w, https:\/\/www.gnrbrasil.net\/wordpress\/wp-content\/uploads\/2023\/09\/Rotroil-150x125.jpg 150w\" sizes=\"(max-width: 629px) 100vw, 629px\" \/>\t\t\t\t\t\t\t\t\t\t\t\t\t\t\t<\/div>\n\t\t\t\t<\/div>\n\t\t\t\t\t<\/div>\n\t\t\t\t<\/div>\n\t\t<div class=\"elementor-element elementor-element-94e5c3d e-flex e-con-boxed e-con e-parent\" data-id=\"94e5c3d\" data-element_type=\"container\" data-e-type=\"container\">\n\t\t\t\t\t<div class=\"e-con-inner\">\n\t\t\t\t<div class=\"elementor-element elementor-element-b663874 elementor-align-center elementor-widget elementor-widget-button\" data-id=\"b663874\" data-element_type=\"widget\" data-e-type=\"widget\" data-widget_type=\"button.default\">\n\t\t\t\t<div class=\"elementor-widget-container\">\n\t\t\t\t\t\t\t\t\t<div class=\"elementor-button-wrapper\">\n\t\t\t\t\t<a class=\"elementor-button elementor-button-link elementor-size-sm\" href=\"https:\/\/www.gnrbrasil.net\/wordpress\/wp-content\/uploads\/2023\/09\/GNR_OES_-_Rotroil_Brochure.pdf\">\n\t\t\t\t\t\t<span class=\"elementor-button-content-wrapper\">\n\t\t\t\t\t\t\t\t\t<span class=\"elementor-button-text\">Baixar folheto<\/span>\n\t\t\t\t\t<\/span>\n\t\t\t\t\t<\/a>\n\t\t\t\t<\/div>\n\t\t\t\t\t\t\t\t<\/div>\n\t\t\t\t<\/div>\n\t\t\t\t\t<\/div>\n\t\t\t\t<\/div>\n\t\t<div class=\"elementor-element elementor-element-3ad6dc6 e-flex e-con-boxed e-con e-parent\" data-id=\"3ad6dc6\" data-element_type=\"container\" data-e-type=\"container\">\n\t\t\t\t\t<div class=\"e-con-inner\">\n\t\t\t\t<div class=\"elementor-element elementor-element-b7145de elementor-widget elementor-widget-text-editor\" data-id=\"b7145de\" data-element_type=\"widget\" data-e-type=\"widget\" data-widget_type=\"text-editor.default\">\n\t\t\t\t<div class=\"elementor-widget-container\">\n\t\t\t\t\t\t\t\t\t<p><span style=\"color: #000000;\">O espectr\u00f4metro GNR ROTROIL est\u00e1 em conformidade com o M\u00e9todo de Teste Padr\u00e3o ASTM D6595-00 para<\/span><br \/><span style=\"color: #000000;\">determina\u00e7\u00e3o de metais de desgaste e contaminantes em \u00f3leos lubrificantes usados ou fluidos hidr\u00e1ulicos usados<\/span><br \/><span style=\"color: #000000;\">hidr\u00e1ulicos usados por Espectrometria de Emiss\u00e3o At\u00f4mica com Eletrodo de Disco Rotativo.<\/span><br \/><span style=\"color: #000000;\">A determina\u00e7\u00e3o de res\u00edduos em \u00f3leo usado \u00e9 um m\u00e9todo de diagn\u00f3stico fundamental praticado em programas de monitoramento de condi\u00e7\u00f5es de m\u00e1quinas.<\/span><br \/><span style=\"color: #000000;\">programas de monitoramento de condi\u00e7\u00f5es de m\u00e1quinas. A presen\u00e7a ou o aumento da concentra\u00e7\u00e3o de metais de desgaste espec\u00edficos<\/span><br \/><span style=\"color: #000000;\">pode ser um indicativo dos est\u00e1gios iniciais do desgaste se houver dados de concentra\u00e7\u00e3o<\/span><br \/><span style=\"color: #000000;\">para compara\u00e7\u00e3o. Um aumento acentuado de elementos contaminantes pode ser indicativo de<\/span><br \/><span style=\"color: #000000;\">materiais estranhos nos lubrificantes, como anticongelante ou areia, que podem levar ao desgaste ou \u00e0<\/span><br \/><span style=\"color: #000000;\">degrada\u00e7\u00e3o do lubrificante. O m\u00e9todo de teste identifica os metais e sua concentra\u00e7\u00e3o para que as tend\u00eancias relativas ao tempo ou \u00e0 dist\u00e2ncia<\/span><br \/><span style=\"color: #000000;\">que as tend\u00eancias relativas ao tempo ou \u00e0 dist\u00e2ncia possam ser estabelecidas e a\u00e7\u00f5es corretivas possam ser<\/span><br \/><span style=\"color: #000000;\">corretiva antes de uma falha mais s\u00e9ria ou catastr\u00f3fica.<\/span><\/p><p>\u00a0<\/p>\t\t\t\t\t\t\t\t<\/div>\n\t\t\t\t<\/div>\n\t\t\t\t\t<\/div>\n\t\t\t\t<\/div>\n\t\t\t\t<\/div>\n\t\t","protected":false},"excerpt":{"rendered":"<p>ROTROIL Baixar folheto O espectr\u00f4metro GNR ROTROIL est\u00e1 em conformidade com o M\u00e9todo de Teste Padr\u00e3o ASTM D6595-00 paradetermina\u00e7\u00e3o de metais de desgaste e contaminantes em \u00f3leos lubrificantes usados ou fluidos hidr\u00e1ulicos usadoshidr\u00e1ulicos usados por Espectrometria de Emiss\u00e3o At\u00f4mica com Eletrodo de Disco Rotativo.A determina\u00e7\u00e3o de res\u00edduos em \u00f3leo usado \u00e9 um m\u00e9todo de diagn\u00f3stico [&hellip;]<\/p>\n","protected":false},"author":1,"featured_media":0,"parent":50,"menu_order":2,"comment_status":"closed","ping_status":"closed","template":"","meta":{"_eb_attr":"","site-sidebar-layout":"default","site-content-layout":"","ast-site-content-layout":"default","site-content-style":"default","site-sidebar-style":"default","ast-global-header-display":"","ast-banner-title-visibility":"","ast-main-header-display":"","ast-hfb-above-header-display":"","ast-hfb-below-header-display":"","ast-hfb-mobile-header-display":"","site-post-title":"","ast-breadcrumbs-content":"","ast-featured-img":"","footer-sml-layout":"","theme-transparent-header-meta":"","adv-header-id-meta":"","stick-header-meta":"","header-above-stick-meta":"","header-main-stick-meta":"","header-below-stick-meta":"","astra-migrate-meta-layouts":"set","ast-page-background-enabled":"default","ast-page-background-meta":{"desktop":{"background-color":"var(--ast-global-color-4)","background-image":"","background-repeat":"repeat","background-position":"center center","background-size":"auto","background-attachment":"scroll","background-type":"","background-media":"","overlay-type":"","overlay-color":"","overlay-opacity":"","overlay-gradient":""},"tablet":{"background-color":"","background-image":"","background-repeat":"repeat","background-position":"center center","background-size":"auto","background-attachment":"scroll","background-type":"","background-media":"","overlay-type":"","overlay-color":"","overlay-opacity":"","overlay-gradient":""},"mobile":{"background-color":"","background-image":"","background-repeat":"repeat","background-position":"center center","background-size":"auto","background-attachment":"scroll","background-type":"","background-media":"","overlay-type":"","overlay-color":"","overlay-opacity":"","overlay-gradient":""}},"ast-content-background-meta":{"desktop":{"background-color":"var(--ast-global-color-5)","background-image":"","background-repeat":"repeat","background-position":"center center","background-size":"auto","background-attachment":"scroll","background-type":"","background-media":"","overlay-type":"","overlay-color":"","overlay-opacity":"","overlay-gradient":""},"tablet":{"background-color":"var(--ast-global-color-5)","background-image":"","background-repeat":"repeat","background-position":"center center","background-size":"auto","background-attachment":"scroll","background-type":"","background-media":"","overlay-type":"","overlay-color":"","overlay-opacity":"","overlay-gradient":""},"mobile":{"background-color":"var(--ast-global-color-5)","background-image":"","background-repeat":"repeat","background-position":"center center","background-size":"auto","background-attachment":"scroll","background-type":"","background-media":"","overlay-type":"","overlay-color":"","overlay-opacity":"","overlay-gradient":""}},"footnotes":""},"class_list":["post-250","page","type-page","status-publish","hentry"],"yoast_head":"<!-- This site is optimized with the Yoast SEO plugin v27.3 - https:\/\/yoast.com\/product\/yoast-seo-wordpress\/ -->\n<title>Analise de \u00f3leos - Espectr\u00f4metros<\/title>\n<meta name=\"robots\" content=\"index, follow, max-snippet:-1, max-image-preview:large, max-video-preview:-1\" \/>\n<link rel=\"canonical\" href=\"https:\/\/www.gnrbrasil.net\/wordpress\/index.php\/produtos\/espectrometros-de-emissao-optica\/analise-de-oleos\/\" \/>\n<meta property=\"og:locale\" content=\"pt_BR\" \/>\n<meta property=\"og:type\" content=\"article\" \/>\n<meta property=\"og:title\" content=\"Analise de \u00f3leos - Espectr\u00f4metros\" \/>\n<meta property=\"og:description\" content=\"ROTROIL Baixar folheto O espectr\u00f4metro GNR ROTROIL est\u00e1 em conformidade com o M\u00e9todo de Teste Padr\u00e3o ASTM D6595-00 paradetermina\u00e7\u00e3o de metais de desgaste e contaminantes em \u00f3leos lubrificantes usados ou fluidos hidr\u00e1ulicos usadoshidr\u00e1ulicos usados por Espectrometria de Emiss\u00e3o At\u00f4mica com Eletrodo de Disco Rotativo.A determina\u00e7\u00e3o de res\u00edduos em \u00f3leo usado \u00e9 um m\u00e9todo de diagn\u00f3stico [&hellip;]\" \/>\n<meta property=\"og:url\" content=\"https:\/\/www.gnrbrasil.net\/wordpress\/index.php\/produtos\/espectrometros-de-emissao-optica\/analise-de-oleos\/\" \/>\n<meta property=\"og:site_name\" content=\"Espectr\u00f4metros\" \/>\n<meta property=\"article:publisher\" content=\"https:\/\/www.facebook.com\/gnrbrasil.net\" \/>\n<meta property=\"article:modified_time\" content=\"2023-09-01T15:42:27+00:00\" \/>\n<meta property=\"og:image\" content=\"https:\/\/www.gnrbrasil.net\/wordpress\/wp-content\/uploads\/2023\/09\/Rotroil.jpg\" \/>\n<meta name=\"twitter:card\" content=\"summary_large_image\" \/>\n<meta name=\"twitter:label1\" content=\"Est. tempo de leitura\" \/>\n\t<meta name=\"twitter:data1\" content=\"1 minuto\" \/>\n<script type=\"application\/ld+json\" class=\"yoast-schema-graph\">{\"@context\":\"https:\\\/\\\/schema.org\",\"@graph\":[{\"@type\":\"WebPage\",\"@id\":\"https:\\\/\\\/www.gnrbrasil.net\\\/wordpress\\\/index.php\\\/produtos\\\/espectrometros-de-emissao-optica\\\/analise-de-oleos\\\/\",\"url\":\"https:\\\/\\\/www.gnrbrasil.net\\\/wordpress\\\/index.php\\\/produtos\\\/espectrometros-de-emissao-optica\\\/analise-de-oleos\\\/\",\"name\":\"Analise de \u00f3leos - Espectr\u00f4metros\",\"isPartOf\":{\"@id\":\"https:\\\/\\\/www.gnrbrasil.net\\\/wordpress\\\/#website\"},\"primaryImageOfPage\":{\"@id\":\"https:\\\/\\\/www.gnrbrasil.net\\\/wordpress\\\/index.php\\\/produtos\\\/espectrometros-de-emissao-optica\\\/analise-de-oleos\\\/#primaryimage\"},\"image\":{\"@id\":\"https:\\\/\\\/www.gnrbrasil.net\\\/wordpress\\\/index.php\\\/produtos\\\/espectrometros-de-emissao-optica\\\/analise-de-oleos\\\/#primaryimage\"},\"thumbnailUrl\":\"https:\\\/\\\/www.gnrbrasil.net\\\/wordpress\\\/wp-content\\\/uploads\\\/2023\\\/09\\\/Rotroil.jpg\",\"datePublished\":\"2015-10-20T16:06:12+00:00\",\"dateModified\":\"2023-09-01T15:42:27+00:00\",\"breadcrumb\":{\"@id\":\"https:\\\/\\\/www.gnrbrasil.net\\\/wordpress\\\/index.php\\\/produtos\\\/espectrometros-de-emissao-optica\\\/analise-de-oleos\\\/#breadcrumb\"},\"inLanguage\":\"pt-BR\",\"potentialAction\":[{\"@type\":\"ReadAction\",\"target\":[\"https:\\\/\\\/www.gnrbrasil.net\\\/wordpress\\\/index.php\\\/produtos\\\/espectrometros-de-emissao-optica\\\/analise-de-oleos\\\/\"]}]},{\"@type\":\"ImageObject\",\"inLanguage\":\"pt-BR\",\"@id\":\"https:\\\/\\\/www.gnrbrasil.net\\\/wordpress\\\/index.php\\\/produtos\\\/espectrometros-de-emissao-optica\\\/analise-de-oleos\\\/#primaryimage\",\"url\":\"https:\\\/\\\/www.gnrbrasil.net\\\/wordpress\\\/wp-content\\\/uploads\\\/2023\\\/09\\\/Rotroil.jpg\",\"contentUrl\":\"https:\\\/\\\/www.gnrbrasil.net\\\/wordpress\\\/wp-content\\\/uploads\\\/2023\\\/09\\\/Rotroil.jpg\",\"width\":629,\"height\":523,\"caption\":\"Analise de oleos\"},{\"@type\":\"BreadcrumbList\",\"@id\":\"https:\\\/\\\/www.gnrbrasil.net\\\/wordpress\\\/index.php\\\/produtos\\\/espectrometros-de-emissao-optica\\\/analise-de-oleos\\\/#breadcrumb\",\"itemListElement\":[{\"@type\":\"ListItem\",\"position\":1,\"name\":\"In\u00edcio\",\"item\":\"https:\\\/\\\/www.gnrbrasil.net\\\/wordpress\\\/\"},{\"@type\":\"ListItem\",\"position\":2,\"name\":\"Produtos\",\"item\":\"https:\\\/\\\/www.gnrbrasil.net\\\/wordpress\\\/index.php\\\/produtos\\\/\"},{\"@type\":\"ListItem\",\"position\":3,\"name\":\"Espectr\u00f4metros de emiss\u00e3o \u00f3ptica\",\"item\":\"https:\\\/\\\/www.gnrbrasil.net\\\/wordpress\\\/index.php\\\/produtos\\\/espectrometros-de-emissao-optica\\\/\"},{\"@type\":\"ListItem\",\"position\":4,\"name\":\"Analise de \u00f3leos\"}]},{\"@type\":\"WebSite\",\"@id\":\"https:\\\/\\\/www.gnrbrasil.net\\\/wordpress\\\/#website\",\"url\":\"https:\\\/\\\/www.gnrbrasil.net\\\/wordpress\\\/\",\"name\":\"Espectr\u00f4metros\",\"description\":\"\",\"publisher\":{\"@id\":\"https:\\\/\\\/www.gnrbrasil.net\\\/wordpress\\\/#organization\"},\"potentialAction\":[{\"@type\":\"SearchAction\",\"target\":{\"@type\":\"EntryPoint\",\"urlTemplate\":\"https:\\\/\\\/www.gnrbrasil.net\\\/wordpress\\\/?s={search_term_string}\"},\"query-input\":{\"@type\":\"PropertyValueSpecification\",\"valueRequired\":true,\"valueName\":\"search_term_string\"}}],\"inLanguage\":\"pt-BR\"},{\"@type\":\"Organization\",\"@id\":\"https:\\\/\\\/www.gnrbrasil.net\\\/wordpress\\\/#organization\",\"name\":\"GNR Brasil\",\"url\":\"https:\\\/\\\/www.gnrbrasil.net\\\/wordpress\\\/\",\"logo\":{\"@type\":\"ImageObject\",\"inLanguage\":\"pt-BR\",\"@id\":\"https:\\\/\\\/www.gnrbrasil.net\\\/wordpress\\\/#\\\/schema\\\/logo\\\/image\\\/\",\"url\":\"https:\\\/\\\/www.gnrbrasil.net\\\/wordpress\\\/wp-content\\\/uploads\\\/2023\\\/08\\\/cropped-cropped-Logo-GNR.jpg\",\"contentUrl\":\"https:\\\/\\\/www.gnrbrasil.net\\\/wordpress\\\/wp-content\\\/uploads\\\/2023\\\/08\\\/cropped-cropped-Logo-GNR.jpg\",\"width\":251,\"height\":99,\"caption\":\"GNR Brasil\"},\"image\":{\"@id\":\"https:\\\/\\\/www.gnrbrasil.net\\\/wordpress\\\/#\\\/schema\\\/logo\\\/image\\\/\"},\"sameAs\":[\"https:\\\/\\\/www.facebook.com\\\/gnrbrasil.net\",\"https:\\\/\\\/www.instagram.com\\\/gnrbrasil2023\\\/\"]}]}<\/script>\n<!-- \/ Yoast SEO plugin. -->","yoast_head_json":{"title":"Analise de \u00f3leos - Espectr\u00f4metros","robots":{"index":"index","follow":"follow","max-snippet":"max-snippet:-1","max-image-preview":"max-image-preview:large","max-video-preview":"max-video-preview:-1"},"canonical":"https:\/\/www.gnrbrasil.net\/wordpress\/index.php\/produtos\/espectrometros-de-emissao-optica\/analise-de-oleos\/","og_locale":"pt_BR","og_type":"article","og_title":"Analise de \u00f3leos - Espectr\u00f4metros","og_description":"ROTROIL Baixar folheto O espectr\u00f4metro GNR ROTROIL est\u00e1 em conformidade com o M\u00e9todo de Teste Padr\u00e3o ASTM D6595-00 paradetermina\u00e7\u00e3o de metais de desgaste e contaminantes em \u00f3leos lubrificantes usados ou fluidos hidr\u00e1ulicos usadoshidr\u00e1ulicos usados por Espectrometria de Emiss\u00e3o At\u00f4mica com Eletrodo de Disco Rotativo.A determina\u00e7\u00e3o de res\u00edduos em \u00f3leo usado \u00e9 um m\u00e9todo de diagn\u00f3stico [&hellip;]","og_url":"https:\/\/www.gnrbrasil.net\/wordpress\/index.php\/produtos\/espectrometros-de-emissao-optica\/analise-de-oleos\/","og_site_name":"Espectr\u00f4metros","article_publisher":"https:\/\/www.facebook.com\/gnrbrasil.net","article_modified_time":"2023-09-01T15:42:27+00:00","og_image":[{"url":"https:\/\/www.gnrbrasil.net\/wordpress\/wp-content\/uploads\/2023\/09\/Rotroil.jpg","type":"","width":"","height":""}],"twitter_card":"summary_large_image","twitter_misc":{"Est. tempo de leitura":"1 minuto"},"schema":{"@context":"https:\/\/schema.org","@graph":[{"@type":"WebPage","@id":"https:\/\/www.gnrbrasil.net\/wordpress\/index.php\/produtos\/espectrometros-de-emissao-optica\/analise-de-oleos\/","url":"https:\/\/www.gnrbrasil.net\/wordpress\/index.php\/produtos\/espectrometros-de-emissao-optica\/analise-de-oleos\/","name":"Analise de \u00f3leos - Espectr\u00f4metros","isPartOf":{"@id":"https:\/\/www.gnrbrasil.net\/wordpress\/#website"},"primaryImageOfPage":{"@id":"https:\/\/www.gnrbrasil.net\/wordpress\/index.php\/produtos\/espectrometros-de-emissao-optica\/analise-de-oleos\/#primaryimage"},"image":{"@id":"https:\/\/www.gnrbrasil.net\/wordpress\/index.php\/produtos\/espectrometros-de-emissao-optica\/analise-de-oleos\/#primaryimage"},"thumbnailUrl":"https:\/\/www.gnrbrasil.net\/wordpress\/wp-content\/uploads\/2023\/09\/Rotroil.jpg","datePublished":"2015-10-20T16:06:12+00:00","dateModified":"2023-09-01T15:42:27+00:00","breadcrumb":{"@id":"https:\/\/www.gnrbrasil.net\/wordpress\/index.php\/produtos\/espectrometros-de-emissao-optica\/analise-de-oleos\/#breadcrumb"},"inLanguage":"pt-BR","potentialAction":[{"@type":"ReadAction","target":["https:\/\/www.gnrbrasil.net\/wordpress\/index.php\/produtos\/espectrometros-de-emissao-optica\/analise-de-oleos\/"]}]},{"@type":"ImageObject","inLanguage":"pt-BR","@id":"https:\/\/www.gnrbrasil.net\/wordpress\/index.php\/produtos\/espectrometros-de-emissao-optica\/analise-de-oleos\/#primaryimage","url":"https:\/\/www.gnrbrasil.net\/wordpress\/wp-content\/uploads\/2023\/09\/Rotroil.jpg","contentUrl":"https:\/\/www.gnrbrasil.net\/wordpress\/wp-content\/uploads\/2023\/09\/Rotroil.jpg","width":629,"height":523,"caption":"Analise de oleos"},{"@type":"BreadcrumbList","@id":"https:\/\/www.gnrbrasil.net\/wordpress\/index.php\/produtos\/espectrometros-de-emissao-optica\/analise-de-oleos\/#breadcrumb","itemListElement":[{"@type":"ListItem","position":1,"name":"In\u00edcio","item":"https:\/\/www.gnrbrasil.net\/wordpress\/"},{"@type":"ListItem","position":2,"name":"Produtos","item":"https:\/\/www.gnrbrasil.net\/wordpress\/index.php\/produtos\/"},{"@type":"ListItem","position":3,"name":"Espectr\u00f4metros de emiss\u00e3o \u00f3ptica","item":"https:\/\/www.gnrbrasil.net\/wordpress\/index.php\/produtos\/espectrometros-de-emissao-optica\/"},{"@type":"ListItem","position":4,"name":"Analise de \u00f3leos"}]},{"@type":"WebSite","@id":"https:\/\/www.gnrbrasil.net\/wordpress\/#website","url":"https:\/\/www.gnrbrasil.net\/wordpress\/","name":"Espectr\u00f4metros","description":"","publisher":{"@id":"https:\/\/www.gnrbrasil.net\/wordpress\/#organization"},"potentialAction":[{"@type":"SearchAction","target":{"@type":"EntryPoint","urlTemplate":"https:\/\/www.gnrbrasil.net\/wordpress\/?s={search_term_string}"},"query-input":{"@type":"PropertyValueSpecification","valueRequired":true,"valueName":"search_term_string"}}],"inLanguage":"pt-BR"},{"@type":"Organization","@id":"https:\/\/www.gnrbrasil.net\/wordpress\/#organization","name":"GNR Brasil","url":"https:\/\/www.gnrbrasil.net\/wordpress\/","logo":{"@type":"ImageObject","inLanguage":"pt-BR","@id":"https:\/\/www.gnrbrasil.net\/wordpress\/#\/schema\/logo\/image\/","url":"https:\/\/www.gnrbrasil.net\/wordpress\/wp-content\/uploads\/2023\/08\/cropped-cropped-Logo-GNR.jpg","contentUrl":"https:\/\/www.gnrbrasil.net\/wordpress\/wp-content\/uploads\/2023\/08\/cropped-cropped-Logo-GNR.jpg","width":251,"height":99,"caption":"GNR Brasil"},"image":{"@id":"https:\/\/www.gnrbrasil.net\/wordpress\/#\/schema\/logo\/image\/"},"sameAs":["https:\/\/www.facebook.com\/gnrbrasil.net","https:\/\/www.instagram.com\/gnrbrasil2023\/"]}]}},"_links":{"self":[{"href":"https:\/\/www.gnrbrasil.net\/wordpress\/index.php\/wp-json\/wp\/v2\/pages\/250","targetHints":{"allow":["GET"]}}],"collection":[{"href":"https:\/\/www.gnrbrasil.net\/wordpress\/index.php\/wp-json\/wp\/v2\/pages"}],"about":[{"href":"https:\/\/www.gnrbrasil.net\/wordpress\/index.php\/wp-json\/wp\/v2\/types\/page"}],"author":[{"embeddable":true,"href":"https:\/\/www.gnrbrasil.net\/wordpress\/index.php\/wp-json\/wp\/v2\/users\/1"}],"replies":[{"embeddable":true,"href":"https:\/\/www.gnrbrasil.net\/wordpress\/index.php\/wp-json\/wp\/v2\/comments?post=250"}],"version-history":[{"count":24,"href":"https:\/\/www.gnrbrasil.net\/wordpress\/index.php\/wp-json\/wp\/v2\/pages\/250\/revisions"}],"predecessor-version":[{"id":1295,"href":"https:\/\/www.gnrbrasil.net\/wordpress\/index.php\/wp-json\/wp\/v2\/pages\/250\/revisions\/1295"}],"up":[{"embeddable":true,"href":"https:\/\/www.gnrbrasil.net\/wordpress\/index.php\/wp-json\/wp\/v2\/pages\/50"}],"wp:attachment":[{"href":"https:\/\/www.gnrbrasil.net\/wordpress\/index.php\/wp-json\/wp\/v2\/media?parent=250"}],"curies":[{"name":"wp","href":"https:\/\/api.w.org\/{rel}","templated":true}]}}