{"id":2,"date":"2015-08-19T04:23:47","date_gmt":"2015-08-19T04:23:47","guid":{"rendered":"http:\/\/gnrbrasil.net\/wordpress\/?page_id=2"},"modified":"2024-07-22T18:30:40","modified_gmt":"2024-07-22T18:30:40","slug":"empresa","status":"publish","type":"page","link":"https:\/\/www.gnrbrasil.net\/wordpress\/","title":{"rendered":"EMPRESA"},"content":{"rendered":"\t\t<div data-elementor-type=\"wp-page\" data-elementor-id=\"2\" class=\"elementor elementor-2\">\n\t\t\t\t<div class=\"elementor-element elementor-element-9e17110 e-flex e-con-boxed e-con e-parent\" data-id=\"9e17110\" data-element_type=\"container\" data-e-type=\"container\">\n\t\t\t\t\t<div class=\"e-con-inner\">\n\t\t\t\t<div class=\"elementor-element elementor-element-8d456d8 elementor-widget elementor-widget-heading\" data-id=\"8d456d8\" data-element_type=\"widget\" data-e-type=\"widget\" data-widget_type=\"heading.default\">\n\t\t\t\t<div class=\"elementor-widget-container\">\n\t\t\t\t\t<h1 class=\"elementor-heading-title elementor-size-small\">Espectr\u00f4metros<\/h1>\t\t\t\t<\/div>\n\t\t\t\t<\/div>\n\t\t\t\t\t<\/div>\n\t\t\t\t<\/div>\n\t\t<div class=\"elementor-element elementor-element-67631e9 e-con-full e-flex e-con e-parent\" data-id=\"67631e9\" data-element_type=\"container\" data-e-type=\"container\">\n\t\t\t\t<div class=\"elementor-element elementor-element-c772211 elementor-arrows-position-inside elementor-pagination-position-outside elementor-widget elementor-widget-image-carousel\" data-id=\"c772211\" data-element_type=\"widget\" data-e-type=\"widget\" data-settings=\"{&quot;navigation&quot;:&quot;both&quot;,&quot;autoplay&quot;:&quot;yes&quot;,&quot;pause_on_hover&quot;:&quot;yes&quot;,&quot;pause_on_interaction&quot;:&quot;yes&quot;,&quot;autoplay_speed&quot;:5000,&quot;infinite&quot;:&quot;yes&quot;,&quot;speed&quot;:500}\" data-widget_type=\"image-carousel.default\">\n\t\t\t\t<div class=\"elementor-widget-container\">\n\t\t\t\t\t\t\t<div class=\"elementor-image-carousel-wrapper swiper\" role=\"region\" aria-roledescription=\"carousel\" aria-label=\"Carrossel de imagens\" dir=\"rtl\">\n\t\t\t<div class=\"elementor-image-carousel swiper-wrapper\" aria-live=\"off\">\n\t\t\t\t\t\t\t\t<div class=\"swiper-slide\" role=\"group\" aria-roledescription=\"slide\" aria-label=\"1 de 5\"><a data-elementor-open-lightbox=\"yes\" data-elementor-lightbox-slideshow=\"c772211\" data-elementor-lightbox-title=\"Minilab150\" data-e-action-hash=\"#elementor-action%3Aaction%3Dlightbox%26settings%3DeyJpZCI6MTE2NiwidXJsIjoiaHR0cHM6XC9cL3d3dy5nbnJicmFzaWwubmV0XC93b3JkcHJlc3NcL3dwLWNvbnRlbnRcL3VwbG9hZHNcLzIwMjNcLzA4XC9NaW5pbGFiMTUwLmpwZyIsInNsaWRlc2hvdyI6ImM3NzIyMTEifQ%3D%3D\" href=\"https:\/\/www.gnrbrasil.net\/wordpress\/index.php\/produtos\/espectrometros-de-emissao-optica\/\"><figure class=\"swiper-slide-inner\"><img decoding=\"async\" class=\"swiper-slide-image\" src=\"https:\/\/www.gnrbrasil.net\/wordpress\/wp-content\/uploads\/2023\/08\/Minilab150-150x90.jpg\" alt=\"espectr\u00f4metro\" \/><\/figure><\/a><\/div><div class=\"swiper-slide\" role=\"group\" aria-roledescription=\"slide\" aria-label=\"2 de 5\"><a data-elementor-open-lightbox=\"yes\" data-elementor-lightbox-slideshow=\"c772211\" data-elementor-lightbox-title=\"Minilab 300 (2)\" data-e-action-hash=\"#elementor-action%3Aaction%3Dlightbox%26settings%3DeyJpZCI6MTE3MCwidXJsIjoiaHR0cHM6XC9cL3d3dy5nbnJicmFzaWwubmV0XC93b3JkcHJlc3NcL3dwLWNvbnRlbnRcL3VwbG9hZHNcLzIwMjNcLzA4XC9NaW5pbGFiLTMwMC0yLmpwZyIsInNsaWRlc2hvdyI6ImM3NzIyMTEifQ%3D%3D\" href=\"https:\/\/www.gnrbrasil.net\/wordpress\/index.php\/produtos\/espectrometros-de-emissao-optica\/\"><figure class=\"swiper-slide-inner\"><img decoding=\"async\" class=\"swiper-slide-image\" src=\"https:\/\/www.gnrbrasil.net\/wordpress\/wp-content\/uploads\/2023\/08\/Minilab-300-2-150x99.jpg\" alt=\"espectr\u00f4metro\" \/><\/figure><\/a><\/div><div class=\"swiper-slide\" role=\"group\" aria-roledescription=\"slide\" aria-label=\"3 de 5\"><a data-elementor-open-lightbox=\"yes\" data-elementor-lightbox-slideshow=\"c772211\" data-elementor-lightbox-title=\"Solaris CCD\" data-e-action-hash=\"#elementor-action%3Aaction%3Dlightbox%26settings%3DeyJpZCI6MTE3NywidXJsIjoiaHR0cHM6XC9cL3d3dy5nbnJicmFzaWwubmV0XC93b3JkcHJlc3NcL3dwLWNvbnRlbnRcL3VwbG9hZHNcLzIwMjNcLzA4XC9Tb2xhcmlzLUNDRC5qcGciLCJzbGlkZXNob3ciOiJjNzcyMjExIn0%3D\" href=\"https:\/\/www.gnrbrasil.net\/wordpress\/index.php\/produtos\/espectrometros-de-emissao-optica\/\"><figure class=\"swiper-slide-inner\"><img decoding=\"async\" class=\"swiper-slide-image\" src=\"https:\/\/www.gnrbrasil.net\/wordpress\/wp-content\/uploads\/2023\/08\/Solaris-CCD-96x150.jpg\" alt=\"Solaris CCD\" \/><\/figure><\/a><\/div><div class=\"swiper-slide\" role=\"group\" aria-roledescription=\"slide\" aria-label=\"4 de 5\"><a data-elementor-open-lightbox=\"yes\" data-elementor-lightbox-slideshow=\"c772211\" data-elementor-lightbox-title=\"Esaport2\" data-e-action-hash=\"#elementor-action%3Aaction%3Dlightbox%26settings%3DeyJpZCI6MTE3OSwidXJsIjoiaHR0cHM6XC9cL3d3dy5nbnJicmFzaWwubmV0XC93b3JkcHJlc3NcL3dwLWNvbnRlbnRcL3VwbG9hZHNcLzIwMjNcLzA4XC9Fc2Fwb3J0Mi5qcGciLCJzbGlkZXNob3ciOiJjNzcyMjExIn0%3D\" href=\"https:\/\/www.gnrbrasil.net\/wordpress\/index.php\/produtos\/espectrometros-de-emissao-optica\/\"><figure class=\"swiper-slide-inner\"><img decoding=\"async\" class=\"swiper-slide-image\" src=\"https:\/\/www.gnrbrasil.net\/wordpress\/wp-content\/uploads\/2023\/08\/Esaport2-150x99.jpg\" alt=\"Esaport2\" \/><\/figure><\/a><\/div><div class=\"swiper-slide\" role=\"group\" aria-roledescription=\"slide\" aria-label=\"5 de 5\"><a data-elementor-open-lightbox=\"yes\" data-elementor-lightbox-slideshow=\"c772211\" data-elementor-lightbox-title=\"Atlantis\" data-e-action-hash=\"#elementor-action%3Aaction%3Dlightbox%26settings%3DeyJpZCI6MTE4MCwidXJsIjoiaHR0cHM6XC9cL3d3dy5nbnJicmFzaWwubmV0XC93b3JkcHJlc3NcL3dwLWNvbnRlbnRcL3VwbG9hZHNcLzIwMjNcLzA4XC9BdGxhbnRpcy5qcGciLCJzbGlkZXNob3ciOiJjNzcyMjExIn0%3D\" href=\"https:\/\/www.gnrbrasil.net\/wordpress\/index.php\/produtos\/espectrometros-de-emissao-optica\/\"><figure class=\"swiper-slide-inner\"><img decoding=\"async\" class=\"swiper-slide-image\" src=\"https:\/\/www.gnrbrasil.net\/wordpress\/wp-content\/uploads\/2023\/08\/Atlantis-100x150.jpg\" alt=\"espectr\u00f4metro\" \/><\/figure><\/a><\/div>\t\t\t<\/div>\n\t\t\t\t\t\t\t\t\t\t\t\t<div class=\"elementor-swiper-button elementor-swiper-button-prev\" role=\"button\" tabindex=\"0\">\n\t\t\t\t\t\t<svg aria-hidden=\"true\" class=\"e-font-icon-svg e-eicon-chevron-left\" viewBox=\"0 0 1000 1000\" xmlns=\"http:\/\/www.w3.org\/2000\/svg\"><path d=\"M646 125C629 125 613 133 604 142L308 442C296 454 292 471 292 487 292 504 296 521 308 533L604 854C617 867 629 875 646 875 663 875 679 871 692 858 704 846 713 829 713 812 713 796 708 779 692 767L438 487 692 225C700 217 708 204 708 187 708 171 704 154 692 142 675 129 663 125 646 125Z\"><\/path><\/svg>\t\t\t\t\t<\/div>\n\t\t\t\t\t<div class=\"elementor-swiper-button elementor-swiper-button-next\" role=\"button\" tabindex=\"0\">\n\t\t\t\t\t\t<svg aria-hidden=\"true\" class=\"e-font-icon-svg e-eicon-chevron-right\" viewBox=\"0 0 1000 1000\" xmlns=\"http:\/\/www.w3.org\/2000\/svg\"><path d=\"M696 533C708 521 713 504 713 487 713 471 708 454 696 446L400 146C388 133 375 125 354 125 338 125 325 129 313 142 300 154 292 171 292 187 292 204 296 221 308 233L563 492 304 771C292 783 288 800 288 817 288 833 296 850 308 863 321 871 338 875 354 875 371 875 388 867 400 854L696 533Z\"><\/path><\/svg>\t\t\t\t\t<\/div>\n\t\t\t\t\n\t\t\t\t\t\t\t\t\t<div class=\"swiper-pagination\"><\/div>\n\t\t\t\t\t\t\t\t\t<\/div>\n\t\t\t\t\t\t<\/div>\n\t\t\t\t<\/div>\n\t\t\t\t<\/div>\n\t\t<div class=\"elementor-element elementor-element-fd89c0b e-flex e-con-boxed e-con e-parent\" data-id=\"fd89c0b\" data-element_type=\"container\" data-e-type=\"container\">\n\t\t\t\t\t<div class=\"e-con-inner\">\n\t\t\t\t<div class=\"elementor-element elementor-element-e98ff77 elementor-widget__width-initial elementor-widget elementor-widget-heading\" data-id=\"e98ff77\" data-element_type=\"widget\" data-e-type=\"widget\" data-widget_type=\"heading.default\">\n\t\t\t\t<div class=\"elementor-widget-container\">\n\t\t\t\t\t<h2 class=\"elementor-heading-title elementor-size-xxl\"><a href=\"https:\/\/www.gnrbrasil.net\/wordpress\/wp-content\/uploads\/2024\/05\/FENAF-2024.mp4\">GNR Brasil<\/a><\/h2>\t\t\t\t<\/div>\n\t\t\t\t<\/div>\n\t\t\t\t\t<\/div>\n\t\t\t\t<\/div>\n\t\t<div class=\"elementor-element elementor-element-5cc742e e-con-full e-flex e-con e-parent\" data-id=\"5cc742e\" data-element_type=\"container\" data-e-type=\"container\">\n\t\t\t\t<div class=\"elementor-element elementor-element-22fa7aa elementor-widget__width-inherit elementor-widget elementor-widget-text-editor\" data-id=\"22fa7aa\" data-element_type=\"widget\" data-e-type=\"widget\" data-widget_type=\"text-editor.default\">\n\t\t\t\t<div class=\"elementor-widget-container\">\n\t\t\t\t\t\t\t\t\t<p style=\"background: transparent; vertical-align: baseline; margin: 0cm 0cm 19.2pt; text-align: left;\" align=\"center\"><span style=\"color: #ccffff;\"><span style=\"font-family: Roboto;\">Fundada em setembro de 2005, em S\u00e3o Paulo como empresa de representa\u00e7\u00f5es, fechamos a exclusiva para o territ\u00f3rio do Brasil com a GNR It\u00e1lia, um dos mais importantes fabricantes de espectr\u00f4metros de emiss\u00e3o \u00f3ptica do mundo. A GNR It\u00e1lia recentemente adquiriu dimens\u00f5es de Grupo, que inclui nos produtos fabricados, al\u00e9m de espectr\u00f4metros, tamb\u00e9m difratometros (tecnologia RX) para atender as diferentes exig\u00eancias de controle de qualidade.<\/span><\/span><\/p>\n<p style=\"background: transparent; vertical-align: baseline; margin: 0cm 0cm 19.2pt; text-align: left;\" align=\"center\"><span style=\"font-family: Roboto; color: #ccffff;\">Nossa Miss\u00e3o \u00e9 a satisfa\u00e7\u00e3o do Cliente, que come\u00e7a dos pre\u00e7os e condi\u00e7\u00f5es favor\u00e1veis de venda e continua na assist\u00eancia t\u00e9cnica, que pretendemos seja pronta e eficiente.<\/span><\/p>\n<p style=\"background: transparent; vertical-align: baseline; outline: 0px; margin: 0cm 0cm 19.2pt; text-align: left;\" align=\"center\"><span style=\"font-family: Roboto; color: #ccffff;\">Os t\u00e9cnicos GNR Brasil, s\u00e3o treinados no Brasil e na It\u00e1lia, assim tendo a possibilidade de conhecer todos os aspectos e etapas da produ\u00e7\u00e3o dos produtos representados. Consideramos tamb\u00e9m importante participar das principais feiras do setor, para divulgar nossos novos produtos e, principalmente, ter a chance de encontrar nossos Clientes, recebendo coment\u00e1rios e sugest\u00f5es que possam sempre deixar mais eficiente nosso servi\u00e7o.<\/span><\/p>\n<p style=\"background: transparent; vertical-align: baseline; outline: 0px; margin: 0cm 0cm 19.2pt; text-align: left;\" align=\"center\"><span style=\"font-family: Roboto; color: #ccffff;\">Com esta filosofia de trabalho, nestes anos, conseguimos entrar entre os mais conhecidos representantes de espectr\u00f4metros de emiss\u00e3o \u00f3ptica e com a vossa ajuda e dando o melhor no nosso trabalho, pretendemos continuar crescendo.<\/span><\/p>\t\t\t\t\t\t\t\t<\/div>\n\t\t\t\t<\/div>\n\t\t\t\t<\/div>\n\t\t\t\t<\/div>\n\t\t","protected":false},"excerpt":{"rendered":"<p>Espectr\u00f4metros GNR Brasil Fundada em setembro de 2005, em S\u00e3o Paulo como empresa de representa\u00e7\u00f5es, fechamos a exclusiva para o territ\u00f3rio do Brasil com a GNR It\u00e1lia, um dos mais importantes fabricantes de espectr\u00f4metros de emiss\u00e3o \u00f3ptica do mundo. A GNR It\u00e1lia recentemente adquiriu dimens\u00f5es de Grupo, que inclui nos produtos fabricados, al\u00e9m de espectr\u00f4metros, [&hellip;]<\/p>\n","protected":false},"author":1,"featured_media":0,"parent":0,"menu_order":0,"comment_status":"open","ping_status":"closed","template":"essential-blocks-fullwidth-template.php","meta":{"_eb_attr":"","site-sidebar-layout":"no-sidebar","site-content-layout":"","ast-site-content-layout":"narrow-width-container","site-content-style":"default","site-sidebar-style":"default","ast-global-header-display":"","ast-banner-title-visibility":"","ast-main-header-display":"","ast-hfb-above-header-display":"","ast-hfb-below-header-display":"","ast-hfb-mobile-header-display":"","site-post-title":"","ast-breadcrumbs-content":"","ast-featured-img":"","footer-sml-layout":"","theme-transparent-header-meta":"","adv-header-id-meta":"","stick-header-meta":"","header-above-stick-meta":"","header-main-stick-meta":"","header-below-stick-meta":"","astra-migrate-meta-layouts":"set","ast-page-background-enabled":"default","ast-page-background-meta":{"desktop":{"background-color":"var(--ast-global-color-4)","background-image":"","background-repeat":"repeat","background-position":"center center","background-size":"auto","background-attachment":"scroll","background-type":"","background-media":"","overlay-type":"","overlay-color":"","overlay-opacity":"","overlay-gradient":""},"tablet":{"background-color":"","background-image":"","background-repeat":"repeat","background-position":"center center","background-size":"auto","background-attachment":"scroll","background-type":"","background-media":"","overlay-type":"","overlay-color":"","overlay-opacity":"","overlay-gradient":""},"mobile":{"background-color":"","background-image":"","background-repeat":"repeat","background-position":"center center","background-size":"auto","background-attachment":"scroll","background-type":"","background-media":"","overlay-type":"","overlay-color":"","overlay-opacity":"","overlay-gradient":""}},"ast-content-background-meta":{"desktop":{"background-color":"var(--ast-global-color-5)","background-image":"","background-repeat":"repeat","background-position":"center center","background-size":"auto","background-attachment":"scroll","background-type":"","background-media":"","overlay-type":"","overlay-color":"","overlay-opacity":"","overlay-gradient":""},"tablet":{"background-color":"var(--ast-global-color-5)","background-image":"","background-repeat":"repeat","background-position":"center center","background-size":"auto","background-attachment":"scroll","background-type":"","background-media":"","overlay-type":"","overlay-color":"","overlay-opacity":"","overlay-gradient":""},"mobile":{"background-color":"var(--ast-global-color-5)","background-image":"","background-repeat":"repeat","background-position":"center center","background-size":"auto","background-attachment":"scroll","background-type":"","background-media":"","overlay-type":"","overlay-color":"","overlay-opacity":"","overlay-gradient":""}},"footnotes":""},"class_list":["post-2","page","type-page","status-publish","hentry"],"yoast_head":"<!-- This site is optimized with the Yoast SEO plugin v27.3 - https:\/\/yoast.com\/product\/yoast-seo-wordpress\/ -->\n<title>EMPRESA - Espectr\u00f4metros %<\/title>\n<meta name=\"description\" content=\"espectr\u00f4metros de emiss\u00e3o optica para analise quimica de ligas metalicas determina\u00e7\u00e3o de elementos quimicos de amostras solidas\" \/>\n<meta name=\"robots\" content=\"index, follow, max-snippet:-1, max-image-preview:large, max-video-preview:-1\" \/>\n<link rel=\"canonical\" href=\"https:\/\/www.gnrbrasil.net\/wordpress\/\" \/>\n<meta property=\"og:locale\" content=\"pt_BR\" \/>\n<meta property=\"og:type\" content=\"article\" \/>\n<meta property=\"og:title\" content=\"EMPRESA - Espectr\u00f4metros %\" \/>\n<meta property=\"og:description\" content=\"espectr\u00f4metros de emiss\u00e3o optica para analise quimica de ligas metalicas determina\u00e7\u00e3o de elementos quimicos de amostras solidas\" \/>\n<meta property=\"og:url\" content=\"https:\/\/www.gnrbrasil.net\/wordpress\/\" \/>\n<meta property=\"og:site_name\" content=\"Espectr\u00f4metros\" \/>\n<meta property=\"article:publisher\" content=\"https:\/\/www.facebook.com\/gnrbrasil.net\" \/>\n<meta property=\"article:modified_time\" content=\"2024-07-22T18:30:40+00:00\" \/>\n<meta property=\"og:image\" content=\"https:\/\/www.gnrbrasil.net\/wordpress\/wp-content\/uploads\/2023\/08\/Minilab150-150x90.jpg\" \/>\n<meta name=\"twitter:card\" content=\"summary_large_image\" \/>\n<meta name=\"twitter:label1\" content=\"Est. tempo de leitura\" \/>\n\t<meta name=\"twitter:data1\" content=\"4 minutos\" \/>\n<script type=\"application\/ld+json\" class=\"yoast-schema-graph\">{\"@context\":\"https:\\\/\\\/schema.org\",\"@graph\":[{\"@type\":\"WebPage\",\"@id\":\"https:\\\/\\\/www.gnrbrasil.net\\\/wordpress\\\/\",\"url\":\"https:\\\/\\\/www.gnrbrasil.net\\\/wordpress\\\/\",\"name\":\"EMPRESA - Espectr\u00f4metros %\",\"isPartOf\":{\"@id\":\"https:\\\/\\\/www.gnrbrasil.net\\\/wordpress\\\/#website\"},\"primaryImageOfPage\":{\"@id\":\"https:\\\/\\\/www.gnrbrasil.net\\\/wordpress\\\/#primaryimage\"},\"image\":{\"@id\":\"https:\\\/\\\/www.gnrbrasil.net\\\/wordpress\\\/#primaryimage\"},\"thumbnailUrl\":\"https:\\\/\\\/www.gnrbrasil.net\\\/wordpress\\\/wp-content\\\/uploads\\\/2023\\\/08\\\/Minilab150-150x90.jpg\",\"datePublished\":\"2015-08-19T04:23:47+00:00\",\"dateModified\":\"2024-07-22T18:30:40+00:00\",\"description\":\"espectr\u00f4metros de emiss\u00e3o optica para analise quimica de ligas metalicas determina\u00e7\u00e3o de elementos quimicos de amostras solidas\",\"breadcrumb\":{\"@id\":\"https:\\\/\\\/www.gnrbrasil.net\\\/wordpress\\\/#breadcrumb\"},\"inLanguage\":\"pt-BR\",\"potentialAction\":[{\"@type\":\"ReadAction\",\"target\":[\"https:\\\/\\\/www.gnrbrasil.net\\\/wordpress\\\/\"]}]},{\"@type\":\"ImageObject\",\"inLanguage\":\"pt-BR\",\"@id\":\"https:\\\/\\\/www.gnrbrasil.net\\\/wordpress\\\/#primaryimage\",\"url\":\"https:\\\/\\\/www.gnrbrasil.net\\\/wordpress\\\/wp-content\\\/uploads\\\/2023\\\/08\\\/Minilab150.jpg\",\"contentUrl\":\"https:\\\/\\\/www.gnrbrasil.net\\\/wordpress\\\/wp-content\\\/uploads\\\/2023\\\/08\\\/Minilab150.jpg\",\"width\":665,\"height\":401,\"caption\":\"espectr\u00f4metro de emiss\u00e3o \u00f3ptica minilab 150\"},{\"@type\":\"BreadcrumbList\",\"@id\":\"https:\\\/\\\/www.gnrbrasil.net\\\/wordpress\\\/#breadcrumb\",\"itemListElement\":[{\"@type\":\"ListItem\",\"position\":1,\"name\":\"In\u00edcio\",\"item\":\"https:\\\/\\\/www.gnrbrasil.net\\\/wordpress\\\/\"},{\"@type\":\"ListItem\",\"position\":2,\"name\":\"EMPRESA\"}]},{\"@type\":\"WebSite\",\"@id\":\"https:\\\/\\\/www.gnrbrasil.net\\\/wordpress\\\/#website\",\"url\":\"https:\\\/\\\/www.gnrbrasil.net\\\/wordpress\\\/\",\"name\":\"Espectr\u00f4metros\",\"description\":\"\",\"publisher\":{\"@id\":\"https:\\\/\\\/www.gnrbrasil.net\\\/wordpress\\\/#organization\"},\"potentialAction\":[{\"@type\":\"SearchAction\",\"target\":{\"@type\":\"EntryPoint\",\"urlTemplate\":\"https:\\\/\\\/www.gnrbrasil.net\\\/wordpress\\\/?s={search_term_string}\"},\"query-input\":{\"@type\":\"PropertyValueSpecification\",\"valueRequired\":true,\"valueName\":\"search_term_string\"}}],\"inLanguage\":\"pt-BR\"},{\"@type\":\"Organization\",\"@id\":\"https:\\\/\\\/www.gnrbrasil.net\\\/wordpress\\\/#organization\",\"name\":\"GNR Brasil\",\"url\":\"https:\\\/\\\/www.gnrbrasil.net\\\/wordpress\\\/\",\"logo\":{\"@type\":\"ImageObject\",\"inLanguage\":\"pt-BR\",\"@id\":\"https:\\\/\\\/www.gnrbrasil.net\\\/wordpress\\\/#\\\/schema\\\/logo\\\/image\\\/\",\"url\":\"https:\\\/\\\/www.gnrbrasil.net\\\/wordpress\\\/wp-content\\\/uploads\\\/2023\\\/08\\\/cropped-cropped-Logo-GNR.jpg\",\"contentUrl\":\"https:\\\/\\\/www.gnrbrasil.net\\\/wordpress\\\/wp-content\\\/uploads\\\/2023\\\/08\\\/cropped-cropped-Logo-GNR.jpg\",\"width\":251,\"height\":99,\"caption\":\"GNR Brasil\"},\"image\":{\"@id\":\"https:\\\/\\\/www.gnrbrasil.net\\\/wordpress\\\/#\\\/schema\\\/logo\\\/image\\\/\"},\"sameAs\":[\"https:\\\/\\\/www.facebook.com\\\/gnrbrasil.net\",\"https:\\\/\\\/www.instagram.com\\\/gnrbrasil2023\\\/\"]}]}<\/script>\n<!-- \/ Yoast SEO plugin. -->","yoast_head_json":{"title":"EMPRESA - Espectr\u00f4metros %","description":"espectr\u00f4metros de emiss\u00e3o optica para analise quimica de ligas metalicas determina\u00e7\u00e3o de elementos quimicos de amostras solidas","robots":{"index":"index","follow":"follow","max-snippet":"max-snippet:-1","max-image-preview":"max-image-preview:large","max-video-preview":"max-video-preview:-1"},"canonical":"https:\/\/www.gnrbrasil.net\/wordpress\/","og_locale":"pt_BR","og_type":"article","og_title":"EMPRESA - Espectr\u00f4metros %","og_description":"espectr\u00f4metros de emiss\u00e3o optica para analise quimica de ligas metalicas determina\u00e7\u00e3o de elementos quimicos de amostras solidas","og_url":"https:\/\/www.gnrbrasil.net\/wordpress\/","og_site_name":"Espectr\u00f4metros","article_publisher":"https:\/\/www.facebook.com\/gnrbrasil.net","article_modified_time":"2024-07-22T18:30:40+00:00","og_image":[{"url":"https:\/\/www.gnrbrasil.net\/wordpress\/wp-content\/uploads\/2023\/08\/Minilab150-150x90.jpg","type":"","width":"","height":""}],"twitter_card":"summary_large_image","twitter_misc":{"Est. tempo de leitura":"4 minutos"},"schema":{"@context":"https:\/\/schema.org","@graph":[{"@type":"WebPage","@id":"https:\/\/www.gnrbrasil.net\/wordpress\/","url":"https:\/\/www.gnrbrasil.net\/wordpress\/","name":"EMPRESA - Espectr\u00f4metros %","isPartOf":{"@id":"https:\/\/www.gnrbrasil.net\/wordpress\/#website"},"primaryImageOfPage":{"@id":"https:\/\/www.gnrbrasil.net\/wordpress\/#primaryimage"},"image":{"@id":"https:\/\/www.gnrbrasil.net\/wordpress\/#primaryimage"},"thumbnailUrl":"https:\/\/www.gnrbrasil.net\/wordpress\/wp-content\/uploads\/2023\/08\/Minilab150-150x90.jpg","datePublished":"2015-08-19T04:23:47+00:00","dateModified":"2024-07-22T18:30:40+00:00","description":"espectr\u00f4metros de emiss\u00e3o optica para analise quimica de ligas metalicas determina\u00e7\u00e3o de elementos quimicos de amostras solidas","breadcrumb":{"@id":"https:\/\/www.gnrbrasil.net\/wordpress\/#breadcrumb"},"inLanguage":"pt-BR","potentialAction":[{"@type":"ReadAction","target":["https:\/\/www.gnrbrasil.net\/wordpress\/"]}]},{"@type":"ImageObject","inLanguage":"pt-BR","@id":"https:\/\/www.gnrbrasil.net\/wordpress\/#primaryimage","url":"https:\/\/www.gnrbrasil.net\/wordpress\/wp-content\/uploads\/2023\/08\/Minilab150.jpg","contentUrl":"https:\/\/www.gnrbrasil.net\/wordpress\/wp-content\/uploads\/2023\/08\/Minilab150.jpg","width":665,"height":401,"caption":"espectr\u00f4metro de emiss\u00e3o \u00f3ptica minilab 150"},{"@type":"BreadcrumbList","@id":"https:\/\/www.gnrbrasil.net\/wordpress\/#breadcrumb","itemListElement":[{"@type":"ListItem","position":1,"name":"In\u00edcio","item":"https:\/\/www.gnrbrasil.net\/wordpress\/"},{"@type":"ListItem","position":2,"name":"EMPRESA"}]},{"@type":"WebSite","@id":"https:\/\/www.gnrbrasil.net\/wordpress\/#website","url":"https:\/\/www.gnrbrasil.net\/wordpress\/","name":"Espectr\u00f4metros","description":"","publisher":{"@id":"https:\/\/www.gnrbrasil.net\/wordpress\/#organization"},"potentialAction":[{"@type":"SearchAction","target":{"@type":"EntryPoint","urlTemplate":"https:\/\/www.gnrbrasil.net\/wordpress\/?s={search_term_string}"},"query-input":{"@type":"PropertyValueSpecification","valueRequired":true,"valueName":"search_term_string"}}],"inLanguage":"pt-BR"},{"@type":"Organization","@id":"https:\/\/www.gnrbrasil.net\/wordpress\/#organization","name":"GNR Brasil","url":"https:\/\/www.gnrbrasil.net\/wordpress\/","logo":{"@type":"ImageObject","inLanguage":"pt-BR","@id":"https:\/\/www.gnrbrasil.net\/wordpress\/#\/schema\/logo\/image\/","url":"https:\/\/www.gnrbrasil.net\/wordpress\/wp-content\/uploads\/2023\/08\/cropped-cropped-Logo-GNR.jpg","contentUrl":"https:\/\/www.gnrbrasil.net\/wordpress\/wp-content\/uploads\/2023\/08\/cropped-cropped-Logo-GNR.jpg","width":251,"height":99,"caption":"GNR Brasil"},"image":{"@id":"https:\/\/www.gnrbrasil.net\/wordpress\/#\/schema\/logo\/image\/"},"sameAs":["https:\/\/www.facebook.com\/gnrbrasil.net","https:\/\/www.instagram.com\/gnrbrasil2023\/"]}]}},"_links":{"self":[{"href":"https:\/\/www.gnrbrasil.net\/wordpress\/index.php\/wp-json\/wp\/v2\/pages\/2","targetHints":{"allow":["GET"]}}],"collection":[{"href":"https:\/\/www.gnrbrasil.net\/wordpress\/index.php\/wp-json\/wp\/v2\/pages"}],"about":[{"href":"https:\/\/www.gnrbrasil.net\/wordpress\/index.php\/wp-json\/wp\/v2\/types\/page"}],"author":[{"embeddable":true,"href":"https:\/\/www.gnrbrasil.net\/wordpress\/index.php\/wp-json\/wp\/v2\/users\/1"}],"replies":[{"embeddable":true,"href":"https:\/\/www.gnrbrasil.net\/wordpress\/index.php\/wp-json\/wp\/v2\/comments?post=2"}],"version-history":[{"count":321,"href":"https:\/\/www.gnrbrasil.net\/wordpress\/index.php\/wp-json\/wp\/v2\/pages\/2\/revisions"}],"predecessor-version":[{"id":1557,"href":"https:\/\/www.gnrbrasil.net\/wordpress\/index.php\/wp-json\/wp\/v2\/pages\/2\/revisions\/1557"}],"wp:attachment":[{"href":"https:\/\/www.gnrbrasil.net\/wordpress\/index.php\/wp-json\/wp\/v2\/media?parent=2"}],"curies":[{"name":"wp","href":"https:\/\/api.w.org\/{rel}","templated":true}]}}